{"id":2643,"date":"2025-12-04T23:35:36","date_gmt":"2025-12-04T21:35:36","guid":{"rendered":"https:\/\/rotaryartnouveau.ro\/product\/bilet-acces-dragobete-caritabil-editia-a-vii-a\/"},"modified":"2026-02-16T20:25:29","modified_gmt":"2026-02-16T18:25:29","slug":"billet-dacces-caritatif-dragobete-7e-edition","status":"publish","type":"product","link":"https:\/\/rotaryartnouveau.ro\/fr\/product\/bilet-acces-dragobete-caritabil-editia-a-vii-a\/","title":{"rendered":"Billet d&#039;entr\u00e9e Dragobete Caritabil, 7\u00e8me \u00e9dition"},"content":{"rendered":"","protected":false},"excerpt":{"rendered":"","protected":false},"featured_media":2691,"comment_status":"closed","ping_status":"closed","template":"","meta":[],"product_brand":[],"product_cat":[51],"product_tag":[],"class_list":{"0":"post-2643","1":"product","2":"type-product","3":"status-publish","4":"has-post-thumbnail","6":"product_cat-uncategorized","8":"first","9":"instock","10":"virtual","11":"purchasable","12":"product-type-simple"},"yoast_head":"<!-- This site is optimized with the Yoast SEO plugin v27.4 - https:\/\/yoast.com\/product\/yoast-seo-wordpress\/ -->\n<title>Bilet acces Dragobete Caritabil, ed. a VII-a - Rotary Art Nouveau Oradea<\/title>\n<meta name=\"robots\" content=\"index, follow, max-snippet:-1, max-image-preview:large, max-video-preview:-1\" \/>\n<link rel=\"canonical\" href=\"https:\/\/rotaryartnouveau.ro\/fr\/productif\/billet-dacces-caritatif-dragobete-7e-edition\/\" \/>\n<meta property=\"og:locale\" content=\"fr_FR\" \/>\n<meta property=\"og:type\" content=\"article\" \/>\n<meta property=\"og:title\" content=\"Bilet acces Dragobete Caritabil, ed. a VII-a - Rotary Art Nouveau Oradea\" \/>\n<meta property=\"og:url\" content=\"https:\/\/rotaryartnouveau.ro\/fr\/productif\/billet-dacces-caritatif-dragobete-7e-edition\/\" \/>\n<meta property=\"og:site_name\" content=\"Rotary Art Nouveau Oradea\" \/>\n<meta property=\"article:modified_time\" content=\"2026-02-16T18:25:29+00:00\" \/>\n<meta property=\"og:image\" content=\"https:\/\/rotaryartnouveau.ro\/wp-content\/uploads\/dragobete-7-produs.jpg\" \/>\n\t<meta property=\"og:image:width\" content=\"600\" \/>\n\t<meta property=\"og:image:height\" content=\"600\" \/>\n\t<meta property=\"og:image:type\" content=\"image\/jpeg\" \/>\n<meta name=\"twitter:card\" content=\"summary_large_image\" \/>\n<meta name=\"twitter:label1\" content=\"Dur\u00e9e de lecture estim\u00e9e\" \/>\n\t<meta name=\"twitter:data1\" content=\"1 minute\" \/>\n<script type=\"application\/ld+json\" class=\"yoast-schema-graph\">{\"@context\":\"https:\\\/\\\/schema.org\",\"@graph\":[{\"@type\":\"WebPage\",\"@id\":\"https:\\\/\\\/rotaryartnouveau.ro\\\/product\\\/bilet-acces-dragobete-caritabil-editia-a-vii-a\\\/\",\"url\":\"https:\\\/\\\/rotaryartnouveau.ro\\\/product\\\/bilet-acces-dragobete-caritabil-editia-a-vii-a\\\/\",\"name\":\"Bilet acces Dragobete Caritabil, ed. a VII-a - Rotary Art Nouveau Oradea\",\"isPartOf\":{\"@id\":\"https:\\\/\\\/rotaryartnouveau.ro\\\/#website\"},\"primaryImageOfPage\":{\"@id\":\"https:\\\/\\\/rotaryartnouveau.ro\\\/product\\\/bilet-acces-dragobete-caritabil-editia-a-vii-a\\\/#primaryimage\"},\"image\":{\"@id\":\"https:\\\/\\\/rotaryartnouveau.ro\\\/product\\\/bilet-acces-dragobete-caritabil-editia-a-vii-a\\\/#primaryimage\"},\"thumbnailUrl\":\"https:\\\/\\\/rotaryartnouveau.ro\\\/wp-content\\\/uploads\\\/dragobete-7-produs.jpg\",\"datePublished\":\"2025-12-04T21:35:36+00:00\",\"dateModified\":\"2026-02-16T18:25:29+00:00\",\"breadcrumb\":{\"@id\":\"https:\\\/\\\/rotaryartnouveau.ro\\\/product\\\/bilet-acces-dragobete-caritabil-editia-a-vii-a\\\/#breadcrumb\"},\"inLanguage\":\"fr-FR\",\"potentialAction\":[{\"@type\":\"ReadAction\",\"target\":[\"https:\\\/\\\/rotaryartnouveau.ro\\\/product\\\/bilet-acces-dragobete-caritabil-editia-a-vii-a\\\/\"]}]},{\"@type\":\"ImageObject\",\"inLanguage\":\"fr-FR\",\"@id\":\"https:\\\/\\\/rotaryartnouveau.ro\\\/product\\\/bilet-acces-dragobete-caritabil-editia-a-vii-a\\\/#primaryimage\",\"url\":\"https:\\\/\\\/rotaryartnouveau.ro\\\/wp-content\\\/uploads\\\/dragobete-7-produs.jpg\",\"contentUrl\":\"https:\\\/\\\/rotaryartnouveau.ro\\\/wp-content\\\/uploads\\\/dragobete-7-produs.jpg\",\"width\":600,\"height\":600},{\"@type\":\"BreadcrumbList\",\"@id\":\"https:\\\/\\\/rotaryartnouveau.ro\\\/product\\\/bilet-acces-dragobete-caritabil-editia-a-vii-a\\\/#breadcrumb\",\"itemListElement\":[{\"@type\":\"ListItem\",\"position\":1,\"name\":\"Home\",\"item\":\"https:\\\/\\\/rotaryartnouveau.ro\\\/\"},{\"@type\":\"ListItem\",\"position\":2,\"name\":\"Magazin\",\"item\":\"https:\\\/\\\/rotaryartnouveau.ro\\\/magazin\\\/\"},{\"@type\":\"ListItem\",\"position\":3,\"name\":\"Bilet acces Dragobete Caritabil, ed. a VII-a\"}]},{\"@type\":\"WebSite\",\"@id\":\"https:\\\/\\\/rotaryartnouveau.ro\\\/#website\",\"url\":\"https:\\\/\\\/rotaryartnouveau.ro\\\/\",\"name\":\"Rotary Art Nouveau Oradea\",\"description\":\"Rotary Club Oradea Art Nouveau\",\"publisher\":{\"@id\":\"https:\\\/\\\/rotaryartnouveau.ro\\\/#organization\"},\"potentialAction\":[{\"@type\":\"SearchAction\",\"target\":{\"@type\":\"EntryPoint\",\"urlTemplate\":\"https:\\\/\\\/rotaryartnouveau.ro\\\/?s={search_term_string}\"},\"query-input\":{\"@type\":\"PropertyValueSpecification\",\"valueRequired\":true,\"valueName\":\"search_term_string\"}}],\"inLanguage\":\"fr-FR\"},{\"@type\":\"Organization\",\"@id\":\"https:\\\/\\\/rotaryartnouveau.ro\\\/#organization\",\"name\":\"Rotary Club Oradea Art Nouveau\",\"url\":\"https:\\\/\\\/rotaryartnouveau.ro\\\/\",\"logo\":{\"@type\":\"ImageObject\",\"inLanguage\":\"fr-FR\",\"@id\":\"https:\\\/\\\/rotaryartnouveau.ro\\\/#\\\/schema\\\/logo\\\/image\\\/\",\"url\":\"https:\\\/\\\/rotaryartnouveau.ro\\\/wp-content\\\/uploads\\\/roatry-art-nouveau-logo.svg\",\"contentUrl\":\"https:\\\/\\\/rotaryartnouveau.ro\\\/wp-content\\\/uploads\\\/roatry-art-nouveau-logo.svg\",\"width\":320,\"height\":122,\"caption\":\"Rotary Club Oradea Art Nouveau\"},\"image\":{\"@id\":\"https:\\\/\\\/rotaryartnouveau.ro\\\/#\\\/schema\\\/logo\\\/image\\\/\"}}]}<\/script>\n<!-- \/ Yoast SEO plugin. -->","yoast_head_json":{"title":"Billet d&#039;entr\u00e9e Dragobete Caritabil, 7\u00e8me \u00e9dition - Rotary Art Nouveau Oradea","robots":{"index":"index","follow":"follow","max-snippet":"max-snippet:-1","max-image-preview":"max-image-preview:large","max-video-preview":"max-video-preview:-1"},"canonical":"https:\/\/rotaryartnouveau.ro\/fr\/productif\/billet-dacces-caritatif-dragobete-7e-edition\/","og_locale":"fr_FR","og_type":"article","og_title":"Bilet acces Dragobete Caritabil, ed. a VII-a - Rotary Art Nouveau Oradea","og_url":"https:\/\/rotaryartnouveau.ro\/fr\/productif\/billet-dacces-caritatif-dragobete-7e-edition\/","og_site_name":"Rotary Art Nouveau Oradea","article_modified_time":"2026-02-16T18:25:29+00:00","og_image":[{"width":600,"height":600,"url":"https:\/\/rotaryartnouveau.ro\/wp-content\/uploads\/dragobete-7-produs.jpg","type":"image\/jpeg"}],"twitter_card":"summary_large_image","twitter_misc":{"Dur\u00e9e de lecture estim\u00e9e":"1 minute"},"schema":{"@context":"https:\/\/schema.org","@graph":[{"@type":"WebPage","@id":"https:\/\/rotaryartnouveau.ro\/product\/bilet-acces-dragobete-caritabil-editia-a-vii-a\/","url":"https:\/\/rotaryartnouveau.ro\/product\/bilet-acces-dragobete-caritabil-editia-a-vii-a\/","name":"Billet d&#039;entr\u00e9e Dragobete Caritabil, 7\u00e8me \u00e9dition - Rotary Art Nouveau Oradea","isPartOf":{"@id":"https:\/\/rotaryartnouveau.ro\/#website"},"primaryImageOfPage":{"@id":"https:\/\/rotaryartnouveau.ro\/product\/bilet-acces-dragobete-caritabil-editia-a-vii-a\/#primaryimage"},"image":{"@id":"https:\/\/rotaryartnouveau.ro\/product\/bilet-acces-dragobete-caritabil-editia-a-vii-a\/#primaryimage"},"thumbnailUrl":"https:\/\/rotaryartnouveau.ro\/wp-content\/uploads\/dragobete-7-produs.jpg","datePublished":"2025-12-04T21:35:36+00:00","dateModified":"2026-02-16T18:25:29+00:00","breadcrumb":{"@id":"https:\/\/rotaryartnouveau.ro\/product\/bilet-acces-dragobete-caritabil-editia-a-vii-a\/#breadcrumb"},"inLanguage":"fr-FR","potentialAction":[{"@type":"ReadAction","target":["https:\/\/rotaryartnouveau.ro\/product\/bilet-acces-dragobete-caritabil-editia-a-vii-a\/"]}]},{"@type":"ImageObject","inLanguage":"fr-FR","@id":"https:\/\/rotaryartnouveau.ro\/product\/bilet-acces-dragobete-caritabil-editia-a-vii-a\/#primaryimage","url":"https:\/\/rotaryartnouveau.ro\/wp-content\/uploads\/dragobete-7-produs.jpg","contentUrl":"https:\/\/rotaryartnouveau.ro\/wp-content\/uploads\/dragobete-7-produs.jpg","width":600,"height":600},{"@type":"BreadcrumbList","@id":"https:\/\/rotaryartnouveau.ro\/product\/bilet-acces-dragobete-caritabil-editia-a-vii-a\/#breadcrumb","itemListElement":[{"@type":"ListItem","position":1,"name":"Home","item":"https:\/\/rotaryartnouveau.ro\/"},{"@type":"ListItem","position":2,"name":"Magazin","item":"https:\/\/rotaryartnouveau.ro\/magazin\/"},{"@type":"ListItem","position":3,"name":"Bilet acces Dragobete Caritabil, ed. a VII-a"}]},{"@type":"WebSite","@id":"https:\/\/rotaryartnouveau.ro\/#website","url":"https:\/\/rotaryartnouveau.ro\/","name":"Rotatif Art Nouveau Oradea","description":"Rotary Club Art Nouveau d&#039;Oradea","publisher":{"@id":"https:\/\/rotaryartnouveau.ro\/#organization"},"potentialAction":[{"@type":"SearchAction","target":{"@type":"EntryPoint","urlTemplate":"https:\/\/rotaryartnouveau.ro\/?s={search_term_string}"},"query-input":{"@type":"PropertyValueSpecification","valueRequired":true,"valueName":"search_term_string"}}],"inLanguage":"fr-FR"},{"@type":"Organization","@id":"https:\/\/rotaryartnouveau.ro\/#organization","name":"Rotary Club Art Nouveau d&#039;Oradea","url":"https:\/\/rotaryartnouveau.ro\/","logo":{"@type":"ImageObject","inLanguage":"fr-FR","@id":"https:\/\/rotaryartnouveau.ro\/#\/schema\/logo\/image\/","url":"https:\/\/rotaryartnouveau.ro\/wp-content\/uploads\/roatry-art-nouveau-logo.svg","contentUrl":"https:\/\/rotaryartnouveau.ro\/wp-content\/uploads\/roatry-art-nouveau-logo.svg","width":320,"height":122,"caption":"Rotary Club Oradea Art Nouveau"},"image":{"@id":"https:\/\/rotaryartnouveau.ro\/#\/schema\/logo\/image\/"}}]}},"_links":{"self":[{"href":"https:\/\/rotaryartnouveau.ro\/fr\/wp-json\/wp\/v2\/product\/2643","targetHints":{"allow":["GET"]}}],"collection":[{"href":"https:\/\/rotaryartnouveau.ro\/fr\/wp-json\/wp\/v2\/product"}],"about":[{"href":"https:\/\/rotaryartnouveau.ro\/fr\/wp-json\/wp\/v2\/types\/product"}],"replies":[{"embeddable":true,"href":"https:\/\/rotaryartnouveau.ro\/fr\/wp-json\/wp\/v2\/comments?post=2643"}],"wp:featuredmedia":[{"embeddable":true,"href":"https:\/\/rotaryartnouveau.ro\/fr\/wp-json\/wp\/v2\/media\/2691"}],"wp:attachment":[{"href":"https:\/\/rotaryartnouveau.ro\/fr\/wp-json\/wp\/v2\/media?parent=2643"}],"wp:term":[{"taxonomy":"product_brand","embeddable":true,"href":"https:\/\/rotaryartnouveau.ro\/fr\/wp-json\/wp\/v2\/product_brand?post=2643"},{"taxonomy":"product_cat","embeddable":true,"href":"https:\/\/rotaryartnouveau.ro\/fr\/wp-json\/wp\/v2\/product_cat?post=2643"},{"taxonomy":"product_tag","embeddable":true,"href":"https:\/\/rotaryartnouveau.ro\/fr\/wp-json\/wp\/v2\/product_tag?post=2643"}],"curies":[{"name":"wp","href":"https:\/\/api.w.org\/{rel}","templated":true}]}}