{"id":848,"date":"2019-12-17T11:17:13","date_gmt":"2019-12-17T09:17:13","guid":{"rendered":"https:\/\/rotaryartnouveau.ro\/?page_id=848"},"modified":"2024-08-22T22:34:18","modified_gmt":"2024-08-22T20:34:18","slug":"politique-de-cookies","status":"publish","type":"page","link":"https:\/\/rotaryartnouveau.ro\/fr\/politica-cookie\/","title":{"rendered":"Politique de cookies"},"content":{"rendered":"<h2>Politica cookie<\/h2>\n<h3>1. Ce sunt modulele cookie?<br \/>\n<\/h3>\n<div>Un modul cookie, cunoscut \u0219i ca un http cookie, web cookie sau browser cookie este, de obicei, un fi\u0219ier de mici dimensiuni, format din litere \u0219I numere. Trimis de c\u0103tre un website \u0219I stocat \u00een browser-ul web al utilizatorului atunci c\u00e2nd utilizatorul navigheaz\u0103 pe un website. Modulele cookie sunt complet \u201cpasive\u201d (nu con\u021bin programe software, viru\u0219I sau spyware \u0219I nu poate accesa informa\u021biile de pe hard driverul utilizatorului).<\/div>\n<h3>2. La ce folosesc modulele cookies?<\/h3>\n<div>Modulele cookie au fost proiectate ca un mod sigur pentru website-uri de a re\u021bine starea website-ului sau activitatea utilizatorului din trecut. <\/p>\n<p>Atunci c\u00e2nd utilizatorul navigheaz\u0103 pe acela\u0219i site din nou, informa\u021bia p\u0103strat\u0103 de c\u0103tre modulul cookie poate fi folosit\u0103 de website ca s\u0103 anun\u021be website-ul de activitatea anterioar\u0103 a utilizatorului. Modulele cookie pot include ap\u0103sarea anumitor butoane, logarea sau re\u021binerea paginilor web vizitate de utilizator cu luni sau ani \u00een urm\u0103. <\/p>\n<p>Unele module cookie sunt esen\u0163iale pentru func\u0163ionarea unor servicii, altele sunt utile pentru a str\u00e2nge informa\u0163ii cu privire la folosirea website-ului.\n<\/p><\/div>\n<div>Unele module cookie sunt temporare, de exemplu pe parcursul unor campanii, \u015fi vor disp\u0103rea c\u00e2nd \u00eenchizi browser-ul web, altele r\u0103m\u00e2n \u00een computer o perioad\u0103 mai lung\u0103 de timp.<br \/>\nAltele sunt necesare exclusiv pentru func\u0163ionarea website-urilor, \u00een timp ce altele sunt folosite pentru a \u00eembun\u0103t\u0103\u0163i activitatea \u015fi experien\u0163a utilizatorilor. <\/p>\n<p>Diferitele tipuri de module cookie folosite pe website-uri pot fi: strict necesare (re\u0163in ce a ad\u0103ugat utilizatorul \u00een co\u015ful de cump\u0103r\u0103turi; re\u0163in \u00een ce etap\u0103 a comenzii se afl\u0103 utilizatorul), func\u021bionale (re\u0163in detaliile de conectare ale utilizatorului; siguran\u0163a conexiunii atunci c\u00e2nd acesta este conectat; asigur\u0103 aspectul unitar al website-ului, ofer\u0103 asisten\u0163\u0103 prin mesagerie instant), de performan\u021b\u0103 (\u00eembun\u0103t\u0103\u0163esc performan\u0163a site-ului web; \u00eembun\u0103t\u0103\u0163esc experien\u0163a utilizatorului), de semnalare numite \u0219i targeting cookies (permit distribuirea \u015fi aprecierea de con\u0163inut; transmit informa\u0163ii c\u0103tre alte website-uri pentru a personaliza anun\u0163urile publicitare).<\/p><\/div>\n<h3>3. Ce op\u021biuni avem \u00een leg\u0103tur\u0103 cu cookie-urile?<\/h3>\n<div>\n<p>Re\u021bine totu\u0219i, c\u0103 dac\u0103 \u0219tergi cookie-urile sau refuzi s\u0103 le accep\u021bi, este posibil s\u0103 nu po\u021bi utiliza toate func\u021biile pe care le oferim, nu vei putea s\u0103 stochezi preferin\u021bele tale, iar unele dintre paginile noastre ar putea s\u0103 nu fie afi\u0219ate corect.<\/p>\n<ul class=\"uk-list\">\n<li><span uk-icon=\"icon: check\"><\/span> Pentru Chrome web browser, <a href=\"https:\/\/goo.gl\/nwTnde\" target=\"_blank\" rel=\"noopener\">acceseaz\u0103 pagina Google<\/a>;<\/li>\n<li><span uk-icon=\"icon: check\"><\/span> Pentru Internet Explorer web browser, <a href=\"https:\/\/support.microsoft.com\/ro-ro\/help\/278835\/how-to-delete-cookie-files-in-internet-explorer\" target=\"_blank\" rel=\"noopener\">acceseaz\u0103 pagina Microsoft<\/a>;<\/li>\n<li><span uk-icon=\"icon: check\"><\/span> Pentru Firefox web browser, <a href=\"https:\/\/support.mozilla.org\/en-US\/kb\/clear-cookies-and-site-data-firefox?redirectlocale=en-US&amp;redirectslug=delete-cookies-remove-info-websites-stored\" target=\"_blank\" rel=\"noopener\">acceseaz\u0103 pagina Mozilla<\/a>;<\/li>\n<li><span uk-icon=\"icon: check\"><\/span> Pentru Safari web browser, <a href=\"https:\/\/support.apple.com\/en-us\/HT201265\" target=\"_blank\" rel=\"noopener\">acceseaz\u0103 pagina Apple<\/a>;<\/li>\n<li><span uk-icon=\"icon: check\"><\/span> Pentru orice alt browser web, vizita\u021bi pagina oficial\u0103 a respectivului browser-ului web.<\/li>\n<\/ul>\n<\/div>\n<p><!--more--><br \/>\n<!-- {\"name\":\"About\",\"type\":\"layout\",\"children\":[{\"name\":\"Politica cookie\",\"type\":\"section\",\"props\":{\"animation\":\"slide-bottom-small\",\"animation_delay\":false,\"id\":\"services\",\"image_position\":\"center-center\",\"overlap\":false,\"padding\":\"large\",\"style\":\"default\",\"title_breakpoint\":\"xl\",\"title_position\":\"top-left\",\"title_rotation\":\"left\",\"vertical_align\":\"\",\"width\":\"xlarge\"},\"children\":[{\"type\":\"row\",\"props\":{\"layout\":\"1-2,1-2\",\"margin\":\"small\",\"margin_remove_bottom\":true,\"margin_remove_top\":true},\"children\":[{\"type\":\"column\",\"props\":{\"image_position\":\"center-center\",\"position_sticky_breakpoint\":\"m\",\"width_medium\":\"1-2\"},\"children\":[{\"type\":\"headline\",\"props\":{\"content\":\"Politica cookie\",\"margin\":\"large\",\"margin_remove_top\":true,\"maxwidth\":\"xlarge\",\"text_align_breakpoint\":\"m\",\"text_align_fallback\":\"center\",\"title_element\":\"h2\",\"title_style\":\"h1\"}},{\"type\":\"headline\",\"props\":{\"content\":\"1. Ce sunt modulele cookie?\\n\",\"title_element\":\"h3\"}},{\"type\":\"text\",\"props\":{\"column_breakpoint\":\"m\",\"content\":\"Un modul cookie, cunoscut \\u0219i ca un http cookie, web cookie sau browser cookie este, de obicei, un fi\\u0219ier de mici dimensiuni, format din litere \\u0219I numere. Trimis de c\\u0103tre un website \\u0219I stocat \\u00een browser-ul web al utilizatorului atunci c\\u00e2nd utilizatorul navigheaz\\u0103 pe un website. Modulele cookie sunt complet \\u201cpasive\\u201d (nu con\\u021bin programe software, viru\\u0219I sau spyware \\u0219I nu poate accesa informa\\u021biile de pe hard driverul utilizatorului).\",\"margin\":\"small\",\"maxwidth\":\"2xlarge\",\"text_align\":\"justify\"}},{\"type\":\"headline\",\"props\":{\"content\":\"2. La ce folosesc modulele cookies?\",\"title_element\":\"h3\"}},{\"type\":\"text\",\"props\":{\"column_breakpoint\":\"m\",\"content\":\"Modulele cookie au fost proiectate ca un mod sigur pentru website-uri de a re\\u021bine starea website-ului sau activitatea utilizatorului din trecut. \n\nAtunci c\\u00e2nd utilizatorul navigheaz\\u0103 pe acela\\u0219i site din nou, informa\\u021bia p\\u0103strat\\u0103 de c\\u0103tre modulul cookie poate fi folosit\\u0103 de website ca s\\u0103 anun\\u021be website-ul de activitatea anterioar\\u0103 a utilizatorului. Modulele cookie pot include ap\\u0103sarea anumitor butoane, logarea sau re\\u021binerea paginilor web vizitate de utilizator cu luni sau ani \\u00een urm\\u0103. \\n\n\n\\nUnele module cookie sunt esen\\u0163iale pentru func\\u0163ionarea unor servicii, altele sunt utile pentru a str\\u00e2nge informa\\u0163ii cu privire la folosirea website-ului. \\n\",\"margin\":\"small\",\"maxwidth\":\"2xlarge\",\"text_align\":\"justify\"}}]},{\"type\":\"column\",\"props\":{\"image_position\":\"center-center\",\"position_sticky_breakpoint\":\"m\",\"width_medium\":\"1-2\"},\"children\":[{\"type\":\"text\",\"props\":{\"column_breakpoint\":\"m\",\"content\":\"Unele module cookie sunt temporare, de exemplu pe parcursul unor campanii, \\u015fi vor disp\\u0103rea c\\u00e2nd \\u00eenchizi browser-ul web, altele r\\u0103m\\u00e2n \\u00een computer o perioad\\u0103 mai lung\\u0103 de timp.\\nAltele sunt necesare exclusiv pentru func\\u0163ionarea website-urilor, \\u00een timp ce altele sunt folosite pentru a \\u00eembun\\u0103t\\u0103\\u0163i activitatea \\u015fi experien\\u0163a utilizatorilor. \\n<br \/><br\\\/>\\nDiferitele tipuri de module cookie folosite pe website-uri pot fi: strict necesare (re\\u0163in ce a ad\\u0103ugat utilizatorul \\u00een co\\u015ful de cump\\u0103r\\u0103turi; re\\u0163in \\u00een ce etap\\u0103 a comenzii se afl\\u0103 utilizatorul), func\\u021bionale (re\\u0163in detaliile de conectare ale utilizatorului; siguran\\u0163a conexiunii atunci c\\u00e2nd acesta este conectat; asigur\\u0103 aspectul unitar al website-ului, ofer\\u0103 asisten\\u0163\\u0103 prin mesagerie instant), de performan\\u021b\\u0103 (\\u00eembun\\u0103t\\u0103\\u0163esc performan\\u0163a site-ului web; \\u00eembun\\u0103t\\u0103\\u0163esc experien\\u0163a utilizatorului), de semnalare numite \\u0219i targeting cookies (permit distribuirea \\u015fi aprecierea de con\\u0163inut; transmit informa\\u0163ii c\\u0103tre alte website-uri pentru a personaliza anun\\u0163urile publicitare).\",\"margin\":\"small\",\"maxwidth\":\"2xlarge\",\"text_align\":\"justify\"}},{\"type\":\"headline\",\"props\":{\"content\":\"3. Ce op\\u021biuni avem \\u00een leg\\u0103tur\\u0103 cu cookie-urile?\",\"title_element\":\"h3\"}},{\"type\":\"text\",\"props\":{\"column_breakpoint\":\"m\",\"content\":\"\n\n<p>Re\\u021bine totu\\u0219i, c\\u0103 dac\\u0103 \\u0219tergi cookie-urile sau refuzi s\\u0103 le accep\\u021bi, este posibil s\\u0103 nu po\\u021bi utiliza toate func\\u021biile pe care le oferim, nu vei putea s\\u0103 stochezi preferin\\u021bele tale, iar unele dintre paginile noastre ar putea s\\u0103 nu fie afi\\u0219ate corect.<\\\/p>\\n\n\n<ul class=\\\"uk-list\\\">\\n\n\n<li><span uk-icon=\\\"icon: check\\\"><\\\/span> Pentru Chrome web browser, <a href=\\\"https:\\\/\\\/goo.gl\\\/nwTnde\\\" target=\\\"_blank\\\" rel=\\\"noopener\\\">acceseaz\\u0103 pagina Google<\\\/a>;<\\\/li>\\n\n\n<li><span uk-icon=\\\"icon: check\\\"><\\\/span> Pentru Internet Explorer web browser, <a href=\\\"https:\\\/\\\/support.microsoft.com\\\/ro-ro\\\/help\\\/278835\\\/how-to-delete-cookie-files-in-internet-explorer\\\" target=\\\"_blank\\\" rel=\\\"noopener\\\">acceseaz\\u0103 pagina Microsoft<\\\/a>;<\\\/li>\\n\n\n<li><span uk-icon=\\\"icon: check\\\"><\\\/span> Pentru Firefox web browser, <a href=\\\"https:\\\/\\\/support.mozilla.org\\\/en-US\\\/kb\\\/clear-cookies-and-site-data-firefox?redirectlocale=en-US&amp;redirectslug=delete-cookies-remove-info-websites-stored\\\" target=\\\"_blank\\\" rel=\\\"noopener\\\">acceseaz\\u0103 pagina Mozilla<\\\/a>;<\\\/li>\\n\n\n<li><span uk-icon=\\\"icon: check\\\"><\\\/span> Pentru Safari web browser, <a href=\\\"https:\\\/\\\/support.apple.com\\\/en-us\\\/HT201265\\\" target=\\\"_blank\\\" rel=\\\"noopener\\\">acceseaz\\u0103 pagina Apple<\\\/a>;<\\\/li>\\n\n\n<li><span uk-icon=\\\"icon: check\\\"><\\\/span> Pentru orice alt browser web, vizita\\u021bi pagina oficial\\u0103 a respectivului browser-ului web.<\\\/li>\\n<\\\/ul>\",\"margin\":\"small\",\"maxwidth\":\"2xlarge\",\"text_align\":\"justify\"}}]}]}]}],\"version\":\"4.4.7\"} --><\/p>\n","protected":false},"excerpt":{"rendered":"<p>Politica cookie 1. Ce sunt modulele cookie? Un modul cookie, cunoscut \u0219i ca un http cookie, web cookie sau browser cookie este, de obicei, un fi\u0219ier de mici dimensiuni, format din litere \u0219I numere. Trimis de c\u0103tre un website \u0219I stocat \u00een browser-ul web al utilizatorului atunci c\u00e2nd utilizatorul navigheaz\u0103 pe un website. Modulele cookie [&hellip;]<\/p>\n","protected":false},"author":5,"featured_media":0,"parent":0,"menu_order":0,"comment_status":"closed","ping_status":"closed","template":"","meta":{"footnotes":""},"class_list":["post-848","page","type-page","status-publish","hentry"],"yoast_head":"<!-- This site is optimized with the Yoast SEO plugin v27.2 - https:\/\/yoast.com\/product\/yoast-seo-wordpress\/ -->\n<title>Politica cookie - Rotary Art Nouveau Oradea<\/title>\n<meta name=\"robots\" content=\"index, follow, max-snippet:-1, max-image-preview:large, max-video-preview:-1\" \/>\n<link rel=\"canonical\" href=\"https:\/\/rotaryartnouveau.ro\/fr\/politique-de-cookies\/\" \/>\n<meta property=\"og:locale\" content=\"fr_FR\" \/>\n<meta property=\"og:type\" content=\"article\" \/>\n<meta property=\"og:title\" content=\"Politica cookie - Rotary Art Nouveau Oradea\" \/>\n<meta property=\"og:description\" content=\"Politica cookie 1. Ce sunt modulele cookie? Un modul cookie, cunoscut \u0219i ca un http cookie, web cookie sau browser cookie este, de obicei, un fi\u0219ier de mici dimensiuni, format din litere \u0219I numere. Trimis de c\u0103tre un website \u0219I stocat \u00een browser-ul web al utilizatorului atunci c\u00e2nd utilizatorul navigheaz\u0103 pe un website. Modulele cookie [&hellip;]\" \/>\n<meta property=\"og:url\" content=\"https:\/\/rotaryartnouveau.ro\/fr\/politique-de-cookies\/\" \/>\n<meta property=\"og:site_name\" content=\"Rotary Art Nouveau Oradea\" \/>\n<meta property=\"article:modified_time\" content=\"2024-08-22T20:34:18+00:00\" \/>\n<meta name=\"twitter:card\" content=\"summary_large_image\" \/>\n<meta name=\"twitter:label1\" content=\"Dur\u00e9e de lecture estim\u00e9e\" \/>\n\t<meta name=\"twitter:data1\" content=\"2 minutes\" \/>\n<script type=\"application\/ld+json\" class=\"yoast-schema-graph\">{\"@context\":\"https:\/\/schema.org\",\"@graph\":[{\"@type\":\"WebPage\",\"@id\":\"https:\/\/rotaryartnouveau.ro\/politica-cookie\/\",\"url\":\"https:\/\/rotaryartnouveau.ro\/politica-cookie\/\",\"name\":\"Politica cookie - Rotary Art Nouveau Oradea\",\"isPartOf\":{\"@id\":\"https:\/\/rotaryartnouveau.ro\/#website\"},\"datePublished\":\"2019-12-17T09:17:13+00:00\",\"dateModified\":\"2024-08-22T20:34:18+00:00\",\"breadcrumb\":{\"@id\":\"https:\/\/rotaryartnouveau.ro\/politica-cookie\/#breadcrumb\"},\"inLanguage\":\"fr-FR\",\"potentialAction\":[{\"@type\":\"ReadAction\",\"target\":[\"https:\/\/rotaryartnouveau.ro\/politica-cookie\/\"]}]},{\"@type\":\"BreadcrumbList\",\"@id\":\"https:\/\/rotaryartnouveau.ro\/politica-cookie\/#breadcrumb\",\"itemListElement\":[{\"@type\":\"ListItem\",\"position\":1,\"name\":\"Home\",\"item\":\"https:\/\/rotaryartnouveau.ro\/\"},{\"@type\":\"ListItem\",\"position\":2,\"name\":\"Politica cookie\"}]},{\"@type\":\"WebSite\",\"@id\":\"https:\/\/rotaryartnouveau.ro\/#website\",\"url\":\"https:\/\/rotaryartnouveau.ro\/\",\"name\":\"Rotary Art Nouveau Oradea\",\"description\":\"Rotary Club Oradea Art Nouveau\",\"publisher\":{\"@id\":\"https:\/\/rotaryartnouveau.ro\/#organization\"},\"potentialAction\":[{\"@type\":\"SearchAction\",\"target\":{\"@type\":\"EntryPoint\",\"urlTemplate\":\"https:\/\/rotaryartnouveau.ro\/?s={search_term_string}\"},\"query-input\":{\"@type\":\"PropertyValueSpecification\",\"valueRequired\":true,\"valueName\":\"search_term_string\"}}],\"inLanguage\":\"fr-FR\"},{\"@type\":\"Organization\",\"@id\":\"https:\/\/rotaryartnouveau.ro\/#organization\",\"name\":\"Rotary Club Oradea Art Nouveau\",\"url\":\"https:\/\/rotaryartnouveau.ro\/\",\"logo\":{\"@type\":\"ImageObject\",\"inLanguage\":\"fr-FR\",\"@id\":\"https:\/\/rotaryartnouveau.ro\/#\/schema\/logo\/image\/\",\"url\":\"https:\/\/rotaryartnouveau.ro\/wp-content\/uploads\/roatry-art-nouveau-logo.svg\",\"contentUrl\":\"https:\/\/rotaryartnouveau.ro\/wp-content\/uploads\/roatry-art-nouveau-logo.svg\",\"width\":320,\"height\":122,\"caption\":\"Rotary Club Oradea Art Nouveau\"},\"image\":{\"@id\":\"https:\/\/rotaryartnouveau.ro\/#\/schema\/logo\/image\/\"}}]}<\/script>\n<!-- \/ Yoast SEO plugin. -->","yoast_head_json":{"title":"Politique de cookies - Rotary Art Nouveau Oradea","robots":{"index":"index","follow":"follow","max-snippet":"max-snippet:-1","max-image-preview":"max-image-preview:large","max-video-preview":"max-video-preview:-1"},"canonical":"https:\/\/rotaryartnouveau.ro\/fr\/politique-de-cookies\/","og_locale":"fr_FR","og_type":"article","og_title":"Politica cookie - Rotary Art Nouveau Oradea","og_description":"Politica cookie 1. Ce sunt modulele cookie? Un modul cookie, cunoscut \u0219i ca un http cookie, web cookie sau browser cookie este, de obicei, un fi\u0219ier de mici dimensiuni, format din litere \u0219I numere. Trimis de c\u0103tre un website \u0219I stocat \u00een browser-ul web al utilizatorului atunci c\u00e2nd utilizatorul navigheaz\u0103 pe un website. Modulele cookie [&hellip;]","og_url":"https:\/\/rotaryartnouveau.ro\/fr\/politique-de-cookies\/","og_site_name":"Rotary Art Nouveau Oradea","article_modified_time":"2024-08-22T20:34:18+00:00","twitter_card":"summary_large_image","twitter_misc":{"Dur\u00e9e de lecture estim\u00e9e":"2 minutes"},"schema":{"@context":"https:\/\/schema.org","@graph":[{"@type":"WebPage","@id":"https:\/\/rotaryartnouveau.ro\/politica-cookie\/","url":"https:\/\/rotaryartnouveau.ro\/politica-cookie\/","name":"Politique de cookies - Rotary Art Nouveau Oradea","isPartOf":{"@id":"https:\/\/rotaryartnouveau.ro\/#website"},"datePublished":"2019-12-17T09:17:13+00:00","dateModified":"2024-08-22T20:34:18+00:00","breadcrumb":{"@id":"https:\/\/rotaryartnouveau.ro\/politica-cookie\/#breadcrumb"},"inLanguage":"fr-FR","potentialAction":[{"@type":"ReadAction","target":["https:\/\/rotaryartnouveau.ro\/politica-cookie\/"]}]},{"@type":"BreadcrumbList","@id":"https:\/\/rotaryartnouveau.ro\/politica-cookie\/#breadcrumb","itemListElement":[{"@type":"ListItem","position":1,"name":"Home","item":"https:\/\/rotaryartnouveau.ro\/"},{"@type":"ListItem","position":2,"name":"Politica cookie"}]},{"@type":"WebSite","@id":"https:\/\/rotaryartnouveau.ro\/#website","url":"https:\/\/rotaryartnouveau.ro\/","name":"Rotatif Art Nouveau Oradea","description":"Rotary Club Art Nouveau d&#039;Oradea","publisher":{"@id":"https:\/\/rotaryartnouveau.ro\/#organization"},"potentialAction":[{"@type":"SearchAction","target":{"@type":"EntryPoint","urlTemplate":"https:\/\/rotaryartnouveau.ro\/?s={search_term_string}"},"query-input":{"@type":"PropertyValueSpecification","valueRequired":true,"valueName":"search_term_string"}}],"inLanguage":"fr-FR"},{"@type":"Organization","@id":"https:\/\/rotaryartnouveau.ro\/#organization","name":"Rotary Club Art Nouveau d&#039;Oradea","url":"https:\/\/rotaryartnouveau.ro\/","logo":{"@type":"ImageObject","inLanguage":"fr-FR","@id":"https:\/\/rotaryartnouveau.ro\/#\/schema\/logo\/image\/","url":"https:\/\/rotaryartnouveau.ro\/wp-content\/uploads\/roatry-art-nouveau-logo.svg","contentUrl":"https:\/\/rotaryartnouveau.ro\/wp-content\/uploads\/roatry-art-nouveau-logo.svg","width":320,"height":122,"caption":"Rotary Club Oradea Art Nouveau"},"image":{"@id":"https:\/\/rotaryartnouveau.ro\/#\/schema\/logo\/image\/"}}]}},"jetpack_sharing_enabled":true,"_links":{"self":[{"href":"https:\/\/rotaryartnouveau.ro\/fr\/wp-json\/wp\/v2\/pages\/848","targetHints":{"allow":["GET"]}}],"collection":[{"href":"https:\/\/rotaryartnouveau.ro\/fr\/wp-json\/wp\/v2\/pages"}],"about":[{"href":"https:\/\/rotaryartnouveau.ro\/fr\/wp-json\/wp\/v2\/types\/page"}],"author":[{"embeddable":true,"href":"https:\/\/rotaryartnouveau.ro\/fr\/wp-json\/wp\/v2\/users\/5"}],"replies":[{"embeddable":true,"href":"https:\/\/rotaryartnouveau.ro\/fr\/wp-json\/wp\/v2\/comments?post=848"}],"version-history":[{"count":3,"href":"https:\/\/rotaryartnouveau.ro\/fr\/wp-json\/wp\/v2\/pages\/848\/revisions"}],"predecessor-version":[{"id":1849,"href":"https:\/\/rotaryartnouveau.ro\/fr\/wp-json\/wp\/v2\/pages\/848\/revisions\/1849"}],"wp:attachment":[{"href":"https:\/\/rotaryartnouveau.ro\/fr\/wp-json\/wp\/v2\/media?parent=848"}],"curies":[{"name":"wp","href":"https:\/\/api.w.org\/{rel}","templated":true}]}}