{"id":26,"date":"2018-07-02T08:00:21","date_gmt":"2018-07-02T08:00:21","guid":{"rendered":"http:\/\/localhost\/yootheme_pro\/2018\/Yard\/Website_WP\/index.php\/contact\/"},"modified":"2024-02-03T16:32:22","modified_gmt":"2024-02-03T14:32:22","slug":"contact","status":"publish","type":"page","link":"https:\/\/rotaryartnouveau.ro\/fr\/contact\/","title":{"rendered":"Contact"},"content":{"rendered":"<h1>Contacteaz\u0103-ne<\/h1>\n<div>Te rugam s\u0103 ne contactezi la adresa de e-mail de mai jos:<\/div>\n<p>\n    <a href=\"mailto:contact@rotaryartnouveau.ro\">email: contact@rotaryartnouveau.ro<\/a>\n<\/p>\n<h2>Adresa noastr\u0103<\/h2>\n<div>Strada Gen. Henri Mathias Berthelot, Nr. 22, ap. 1, Oradea 410050, Bihor, Rom\u00e2nia<\/div>\n<h2>\u00cent\u00e2lnirile s\u0103pt\u0103m\u00e2nale<\/h2>\n<div>au loc luni, ora 19:30 la Hotel Nevis<br \/>\nStrada L\u0103pu\u0219ului 2, Oradea 410264, Oradea, Rom\u00e2nia<\/div>\n<div>\n<p>47.0570,21.9414<\/p>\n<h3>Rotary  Club  Oradea  Art  Nouveau <\/h3>\n<div>\n<p>\nStrada Gen. Henri Mathias Berthelot, Nr. 22, ap. 1,<br \/> Oradea 410050, Bihor, Rom\u00e2nia<\/p>\n<p><a href=\"mailto:\ntable@example.com\">table@example.com<\/a><br \/>\n<a class=\"uk-link-reset\" href=\"tel:+44 (0)555 555 5555\">+44 (0)555 555 5555<\/a><\/p>\n<\/div>\n<\/div>\n<p><!--more--><br \/>\n<!-- {\"name\":\"Contact\",\"type\":\"layout\",\"children\":[{\"name\":\"Image\",\"type\":\"section\",\"props\":{\"css\":\".el-section > [class*='uk-background-'] { min-height: 40vh; }\",\"height_viewport\":false,\"image\":\"wp-content\\\/uploads\\\/oradea-contact-225338860.jpg\",\"image_effect\":\"fixed\",\"image_fixed\":true,\"image_position\":\"top-center\",\"padding\":\"large\",\"padding_remove_bottom\":false,\"preserve_color\":false,\"style\":\"default\",\"text_color\":\"light\",\"title_breakpoint\":\"xl\",\"title_position\":\"top-left\",\"title_rotation\":\"left\",\"vertical_align\":\"middle\",\"width\":\"expand\"},\"children\":[{\"type\":\"row\",\"children\":[{\"type\":\"column\",\"props\":{\"image_position\":\"center-center\",\"position_sticky_breakpoint\":\"m\",\"width_medium\":\"1-1\"}}]}]},{\"name\":\"Contact\",\"type\":\"section\",\"props\":{\"animation\":\"fade\",\"image\":\"wp-content\\\/uploads\\\/Rotary-Art-Nouveau-grafica.svg\",\"image_position\":\"center-right\",\"image_size\":\"contain\",\"media\":\"images\\\/demo\\\/demo-image_01.jpg\",\"media_blend_mode\":\"luminosity\",\"media_overlay\":\"rgba(255, 255, 255, 0.85)\",\"padding\":\"large\",\"padding_remove_bottom\":false,\"style\":\"default\",\"title_breakpoint\":\"xl\",\"title_position\":\"top-left\",\"title_rotation\":\"left\",\"vertical_align\":\"middle\",\"width\":\"large\"},\"children\":[{\"type\":\"row\",\"children\":[{\"type\":\"column\",\"props\":{\"image_position\":\"center-center\",\"position_sticky_breakpoint\":\"m\",\"width_medium\":\"1-1\"},\"children\":[{\"type\":\"headline\",\"props\":{\"content\":\"Contacteaz\\u0103-ne\",\"maxwidth\":\"2xlarge\",\"text_align\":\"left\",\"title_element\":\"h1\",\"title_style\":\"h2\"}},{\"type\":\"divider\",\"props\":{\"divider_element\":\"div\",\"divider_style\":\"small\"}},{\"type\":\"text\",\"props\":{\"column_breakpoint\":\"m\",\"content\":\"Te rugam s\\u0103 ne contactezi la adresa de e-mail de mai jos:\",\"margin\":\"medium\",\"maxwidth\":\"large\",\"text_align\":\"left\"}},{\"type\":\"button\",\"props\":{\"grid_column_gap\":\"small\",\"grid_row_gap\":\"small\",\"margin\":\"default\"},\"children\":[{\"type\":\"button_item\",\"props\":{\"button_style\":\"default\",\"content\":\"email: contact@rotaryartnouveau.ro\",\"icon_align\":\"left\",\"link\":\"mailto:contact@rotaryartnouveau.ro\"}}]}]}]},{\"type\":\"row\",\"props\":{\"column_gap\":\"large\",\"layout\":\"1-3,1-3,1-3\",\"margin\":\"xlarge\",\"row_gap\":\"large\",\"width\":\"large\"},\"children\":[{\"type\":\"column\",\"props\":{\"image_position\":\"center-center\",\"position_sticky_breakpoint\":\"m\",\"width_medium\":\"1-3\"},\"children\":[{\"type\":\"headline\",\"props\":{\"content\":\"Adresa noastr\\u0103\",\"margin\":\"medium\",\"margin_remove_bottom\":true,\"title_decoration\":\"divider\",\"title_element\":\"h2\",\"title_style\":\"h4\"}},{\"type\":\"text\",\"props\":{\"column_breakpoint\":\"m\",\"content\":\"Strada Gen. Henri Mathias Berthelot, Nr. 22, ap. 1, Oradea 410050, Bihor, Rom\\u00e2nia\",\"margin\":\"default\",\"text_align\":\"left\"}},{\"type\":\"description_list\",\"props\":{\"column_breakpoint\":\"m\",\"layout\":\"grid-2\",\"list_element\":\"ul\",\"meta_align\":\"below-content\",\"meta_style\":\"text-meta\",\"show_content\":true,\"show_link\":true,\"show_meta\":true,\"show_title\":true,\"status\":\"disabled\",\"title_element\":\"div\",\"title_grid_column_gap\":\"small\",\"title_grid_row_gap\":\"small\",\"title_grid_width\":\"small\"},\"children\":[{\"type\":\"description_list_item\",\"props\":{\"content\":\"<a class=\\\"uk-link-reset\\\" href=\\\"mailto:dada.ionascu@rotaryartnouveau.ro\\\">dada.ionascu@rotaryartnouveau.ro<\\\/a>\",\"title\":\"Email\"}}]}]},{\"type\":\"column\",\"props\":{\"image_position\":\"center-center\",\"position_sticky_breakpoint\":\"m\",\"width_medium\":\"1-3\"},\"children\":[{\"type\":\"headline\",\"props\":{\"content\":\"\\u00cent\\u00e2lnirile s\\u0103pt\\u0103m\\u00e2nale\",\"margin_remove_bottom\":false,\"title_decoration\":\"divider\",\"title_element\":\"h2\",\"title_style\":\"h4\"}},{\"type\":\"text\",\"props\":{\"column_breakpoint\":\"m\",\"content\":\"au loc luni, ora 19:30 la Hotel Nevis\\nStrada L\\u0103pu\\u0219ului 2, Oradea 410264, Oradea, Rom\\u00e2nia\",\"margin\":\"remove-vertical\",\"margin_remove_bottom\":true}}]},{\"type\":\"column\",\"props\":{\"image_position\":\"center-center\",\"position_sticky_breakpoint\":\"m\",\"width_medium\":\"1-3\"}}]}]},{\"name\":\"Map\",\"type\":\"section\",\"props\":{\"image_position\":\"center-center\",\"padding\":\"none\",\"style\":\"default\",\"title_breakpoint\":\"xl\",\"title_position\":\"top-left\",\"title_rotation\":\"left\",\"vertical_align\":\"middle\",\"width\":\"\"},\"children\":[{\"type\":\"row\",\"children\":[{\"type\":\"column\",\"props\":{\"image_position\":\"center-center\",\"position_sticky_breakpoint\":\"m\",\"width_medium\":\"1-1\"},\"children\":[{\"type\":\"map\",\"props\":{\"controls\":false,\"dragging\":false,\"height\":\"600\",\"image_svg_color\":\"emphasis\",\"link_style\":\"default\",\"link_text\":\"Read more\",\"margin\":\"\",\"max_zoom\":18,\"meta_align\":\"below-title\",\"meta_element\":\"div\",\"meta_style\":\"text-meta\",\"min_zoom\":0,\"poi\":false,\"show_content\":true,\"show_image\":true,\"show_link\":true,\"show_meta\":true,\"show_title\":true,\"styler_gamma\":\"0.3\",\"styler_lightness\":\"90\",\"styler_saturation\":\"-100\",\"title_element\":\"h3\",\"title_hover_style\":\"reset\",\"type\":\"roadmap\",\"zoom\":\"16\",\"zooming\":false},\"children\":[{\"type\":\"map_item\",\"props\":{\"content\":\"\n\n<p>\\nStrada Gen. Henri Mathias Berthelot, Nr. 22, ap. 1,<br \/> Oradea 410050, Bihor, Rom\\u00e2nia<\\\/p>\\n\n\n<p><a href=\\\"mailto:\\ntable@example.com\\\">table@example.com<\\\/a><br \/>\\n<a class=\\\"uk-link-reset\\\" href=\\\"tel:+44 (0)555 555 5555\\\">+44 (0)555 555 5555<\\\/a><\\\/p>\",\"location\":\"47.0570,21.9414\",\"title\":\"Rotary  Club  Oradea  Art  Nouveau \"}}]}]}]}]}],\"version\":\"4.2.13\"} --><\/p>\n","protected":false},"excerpt":{"rendered":"<p>Contacteaz\u0103-ne Te rugam s\u0103 ne contactezi la adresa de e-mail de mai jos: email: contact@rotaryartnouveau.ro Adresa noastr\u0103 Strada Gen. Henri Mathias Berthelot, Nr. 22, ap. 1, Oradea 410050, Bihor, Rom\u00e2nia \u00cent\u00e2lnirile s\u0103pt\u0103m\u00e2nale au loc luni, ora 19:30 la Hotel Nevis Strada L\u0103pu\u0219ului 2, Oradea 410264, Oradea, Rom\u00e2nia 47.0570,21.9414 Rotary Club Oradea Art Nouveau Strada Gen. [&hellip;]<\/p>\n","protected":false},"author":5,"featured_media":0,"parent":0,"menu_order":2,"comment_status":"closed","ping_status":"closed","template":"","meta":{"footnotes":""},"class_list":["post-26","page","type-page","status-publish","hentry"],"yoast_head":"<!-- This site is optimized with the Yoast SEO plugin v27.4 - https:\/\/yoast.com\/product\/yoast-seo-wordpress\/ -->\n<title>Contact - Rotary Art Nouveau Oradea<\/title>\n<meta name=\"robots\" content=\"index, follow, max-snippet:-1, max-image-preview:large, max-video-preview:-1\" \/>\n<link rel=\"canonical\" href=\"https:\/\/rotaryartnouveau.ro\/fr\/contact\/\" \/>\n<meta property=\"og:locale\" content=\"fr_FR\" \/>\n<meta property=\"og:type\" content=\"article\" \/>\n<meta property=\"og:title\" content=\"Contact - Rotary Art Nouveau Oradea\" \/>\n<meta property=\"og:description\" content=\"Contacteaz\u0103-ne Te rugam s\u0103 ne contactezi la adresa de e-mail de mai jos: email: contact@rotaryartnouveau.ro Adresa noastr\u0103 Strada Gen. Henri Mathias Berthelot, Nr. 22, ap. 1, Oradea 410050, Bihor, Rom\u00e2nia \u00cent\u00e2lnirile s\u0103pt\u0103m\u00e2nale au loc luni, ora 19:30 la Hotel Nevis Strada L\u0103pu\u0219ului 2, Oradea 410264, Oradea, Rom\u00e2nia 47.0570,21.9414 Rotary Club Oradea Art Nouveau Strada Gen. [&hellip;]\" \/>\n<meta property=\"og:url\" content=\"https:\/\/rotaryartnouveau.ro\/fr\/contact\/\" \/>\n<meta property=\"og:site_name\" content=\"Rotary Art Nouveau Oradea\" \/>\n<meta property=\"article:modified_time\" content=\"2024-02-03T14:32:22+00:00\" \/>\n<meta name=\"twitter:card\" content=\"summary_large_image\" \/>\n<script type=\"application\/ld+json\" class=\"yoast-schema-graph\">{\"@context\":\"https:\\\/\\\/schema.org\",\"@graph\":[{\"@type\":\"WebPage\",\"@id\":\"https:\\\/\\\/rotaryartnouveau.ro\\\/contact\\\/\",\"url\":\"https:\\\/\\\/rotaryartnouveau.ro\\\/contact\\\/\",\"name\":\"Contact - Rotary Art Nouveau Oradea\",\"isPartOf\":{\"@id\":\"https:\\\/\\\/rotaryartnouveau.ro\\\/#website\"},\"datePublished\":\"2018-07-02T08:00:21+00:00\",\"dateModified\":\"2024-02-03T14:32:22+00:00\",\"breadcrumb\":{\"@id\":\"https:\\\/\\\/rotaryartnouveau.ro\\\/contact\\\/#breadcrumb\"},\"inLanguage\":\"fr-FR\",\"potentialAction\":[{\"@type\":\"ReadAction\",\"target\":[\"https:\\\/\\\/rotaryartnouveau.ro\\\/contact\\\/\"]}]},{\"@type\":\"BreadcrumbList\",\"@id\":\"https:\\\/\\\/rotaryartnouveau.ro\\\/contact\\\/#breadcrumb\",\"itemListElement\":[{\"@type\":\"ListItem\",\"position\":1,\"name\":\"Home\",\"item\":\"https:\\\/\\\/rotaryartnouveau.ro\\\/\"},{\"@type\":\"ListItem\",\"position\":2,\"name\":\"Contact\"}]},{\"@type\":\"WebSite\",\"@id\":\"https:\\\/\\\/rotaryartnouveau.ro\\\/#website\",\"url\":\"https:\\\/\\\/rotaryartnouveau.ro\\\/\",\"name\":\"Rotary Art Nouveau Oradea\",\"description\":\"Rotary Club Oradea Art Nouveau\",\"publisher\":{\"@id\":\"https:\\\/\\\/rotaryartnouveau.ro\\\/#organization\"},\"potentialAction\":[{\"@type\":\"SearchAction\",\"target\":{\"@type\":\"EntryPoint\",\"urlTemplate\":\"https:\\\/\\\/rotaryartnouveau.ro\\\/?s={search_term_string}\"},\"query-input\":{\"@type\":\"PropertyValueSpecification\",\"valueRequired\":true,\"valueName\":\"search_term_string\"}}],\"inLanguage\":\"fr-FR\"},{\"@type\":\"Organization\",\"@id\":\"https:\\\/\\\/rotaryartnouveau.ro\\\/#organization\",\"name\":\"Rotary Club Oradea Art Nouveau\",\"url\":\"https:\\\/\\\/rotaryartnouveau.ro\\\/\",\"logo\":{\"@type\":\"ImageObject\",\"inLanguage\":\"fr-FR\",\"@id\":\"https:\\\/\\\/rotaryartnouveau.ro\\\/#\\\/schema\\\/logo\\\/image\\\/\",\"url\":\"https:\\\/\\\/rotaryartnouveau.ro\\\/wp-content\\\/uploads\\\/roatry-art-nouveau-logo.svg\",\"contentUrl\":\"https:\\\/\\\/rotaryartnouveau.ro\\\/wp-content\\\/uploads\\\/roatry-art-nouveau-logo.svg\",\"width\":320,\"height\":122,\"caption\":\"Rotary Club Oradea Art Nouveau\"},\"image\":{\"@id\":\"https:\\\/\\\/rotaryartnouveau.ro\\\/#\\\/schema\\\/logo\\\/image\\\/\"}}]}<\/script>\n<!-- \/ Yoast SEO plugin. -->","yoast_head_json":{"title":"Contact - Rotary Art Nouveau Oradea","robots":{"index":"index","follow":"follow","max-snippet":"max-snippet:-1","max-image-preview":"max-image-preview:large","max-video-preview":"max-video-preview:-1"},"canonical":"https:\/\/rotaryartnouveau.ro\/fr\/contact\/","og_locale":"fr_FR","og_type":"article","og_title":"Contact - Rotary Art Nouveau Oradea","og_description":"Contacteaz\u0103-ne Te rugam s\u0103 ne contactezi la adresa de e-mail de mai jos: email: contact@rotaryartnouveau.ro Adresa noastr\u0103 Strada Gen. Henri Mathias Berthelot, Nr. 22, ap. 1, Oradea 410050, Bihor, Rom\u00e2nia \u00cent\u00e2lnirile s\u0103pt\u0103m\u00e2nale au loc luni, ora 19:30 la Hotel Nevis Strada L\u0103pu\u0219ului 2, Oradea 410264, Oradea, Rom\u00e2nia 47.0570,21.9414 Rotary Club Oradea Art Nouveau Strada Gen. [&hellip;]","og_url":"https:\/\/rotaryartnouveau.ro\/fr\/contact\/","og_site_name":"Rotary Art Nouveau Oradea","article_modified_time":"2024-02-03T14:32:22+00:00","twitter_card":"summary_large_image","schema":{"@context":"https:\/\/schema.org","@graph":[{"@type":"WebPage","@id":"https:\/\/rotaryartnouveau.ro\/contact\/","url":"https:\/\/rotaryartnouveau.ro\/contact\/","name":"Contact - Rotary Art Nouveau Oradea","isPartOf":{"@id":"https:\/\/rotaryartnouveau.ro\/#website"},"datePublished":"2018-07-02T08:00:21+00:00","dateModified":"2024-02-03T14:32:22+00:00","breadcrumb":{"@id":"https:\/\/rotaryartnouveau.ro\/contact\/#breadcrumb"},"inLanguage":"fr-FR","potentialAction":[{"@type":"ReadAction","target":["https:\/\/rotaryartnouveau.ro\/contact\/"]}]},{"@type":"BreadcrumbList","@id":"https:\/\/rotaryartnouveau.ro\/contact\/#breadcrumb","itemListElement":[{"@type":"ListItem","position":1,"name":"Home","item":"https:\/\/rotaryartnouveau.ro\/"},{"@type":"ListItem","position":2,"name":"Contact"}]},{"@type":"WebSite","@id":"https:\/\/rotaryartnouveau.ro\/#website","url":"https:\/\/rotaryartnouveau.ro\/","name":"Rotatif Art Nouveau Oradea","description":"Rotary Club Art Nouveau d&#039;Oradea","publisher":{"@id":"https:\/\/rotaryartnouveau.ro\/#organization"},"potentialAction":[{"@type":"SearchAction","target":{"@type":"EntryPoint","urlTemplate":"https:\/\/rotaryartnouveau.ro\/?s={search_term_string}"},"query-input":{"@type":"PropertyValueSpecification","valueRequired":true,"valueName":"search_term_string"}}],"inLanguage":"fr-FR"},{"@type":"Organization","@id":"https:\/\/rotaryartnouveau.ro\/#organization","name":"Rotary Club Art Nouveau d&#039;Oradea","url":"https:\/\/rotaryartnouveau.ro\/","logo":{"@type":"ImageObject","inLanguage":"fr-FR","@id":"https:\/\/rotaryartnouveau.ro\/#\/schema\/logo\/image\/","url":"https:\/\/rotaryartnouveau.ro\/wp-content\/uploads\/roatry-art-nouveau-logo.svg","contentUrl":"https:\/\/rotaryartnouveau.ro\/wp-content\/uploads\/roatry-art-nouveau-logo.svg","width":320,"height":122,"caption":"Rotary Club Oradea Art Nouveau"},"image":{"@id":"https:\/\/rotaryartnouveau.ro\/#\/schema\/logo\/image\/"}}]}},"_links":{"self":[{"href":"https:\/\/rotaryartnouveau.ro\/fr\/wp-json\/wp\/v2\/pages\/26","targetHints":{"allow":["GET"]}}],"collection":[{"href":"https:\/\/rotaryartnouveau.ro\/fr\/wp-json\/wp\/v2\/pages"}],"about":[{"href":"https:\/\/rotaryartnouveau.ro\/fr\/wp-json\/wp\/v2\/types\/page"}],"author":[{"embeddable":true,"href":"https:\/\/rotaryartnouveau.ro\/fr\/wp-json\/wp\/v2\/users\/5"}],"replies":[{"embeddable":true,"href":"https:\/\/rotaryartnouveau.ro\/fr\/wp-json\/wp\/v2\/comments?post=26"}],"version-history":[{"count":3,"href":"https:\/\/rotaryartnouveau.ro\/fr\/wp-json\/wp\/v2\/pages\/26\/revisions"}],"predecessor-version":[{"id":1599,"href":"https:\/\/rotaryartnouveau.ro\/fr\/wp-json\/wp\/v2\/pages\/26\/revisions\/1599"}],"wp:attachment":[{"href":"https:\/\/rotaryartnouveau.ro\/fr\/wp-json\/wp\/v2\/media?parent=26"}],"curies":[{"name":"wp","href":"https:\/\/api.w.org\/{rel}","templated":true}]}}