{"id":19,"date":"2018-05-31T12:40:14","date_gmt":"2018-05-31T12:40:14","guid":{"rendered":"http:\/\/localhost\/yootheme_pro\/2018\/Yard\/Website_WP\/index.php\/getting-started\/"},"modified":"2025-10-26T08:44:54","modified_gmt":"2025-10-26T06:44:54","slug":"getting-started","status":"publish","type":"page","link":"https:\/\/rotaryartnouveau.ro\/fr\/","title":{"rendered":"La maison"},"content":{"rendered":"<ul>\n<li>\n<p>        <img decoding=\"async\" src=\"\/wp-content\/uploads\/home-hero-slideshow-01-1.jpg\" alt=\"\"><\/p>\n<h1>Piata Unirii<\/h1>\n<\/li>\n<li>\n<p>        <img decoding=\"async\" src=\"\/wp-content\/uploads\/home-hero-slideshow-03-1.jpg\" alt=\"\"><\/p>\n<h1>Palatul Ep. Greco-Catolic<\/h1>\n<\/li>\n<li>\n<p>        <img decoding=\"async\" src=\"\/wp-content\/uploads\/home-hero-slideshow-02-1.jpg\" alt=\"\"><\/p>\n<h1>Teatrul Regina Maria<\/h1>\n<\/li>\n<\/ul>\n<div>Despre noi<\/div>\n<h2>Asociatia \u201cROTARY  CLUB<br class=\"uk-visible@s\">   ORADEA  ART  NOUVEAU\u201d<span class=\"uk-text-primary\">.<\/span><\/h2>\n<div>este o organizatie neguvernamentala, independenta fata de toate organele de stat, formatiunile sistemului institutional politic precum si fata de alte institutii \u015fi asociatii socio-profesionale, apolitica, nonprofit, cu personalitate juridica.<\/div>\n<p><p>\n        <a href=\"\/index.php?page_id=21\">Despre noi<\/a>\n    <\/p>\n<\/p>\n<div>\n<\/div>\n<div>Rotary Club Oradea Art Nouveau<\/div>\n<h2>Proiectele noastre<\/h2>\n<p><p>\n        <a href=\"\/proiecte\/\">Toate proiectele noastre<\/a>\n    <\/p>\n<\/p>\n<div>\n<\/div>\n<div>Proiecte Rotary Art Nouveau Oradea<\/div>\n<h2>For more information and inspiration, just follow us<span class=\"uk-text-primary\">.<\/span><\/h2>\n<div>\n<\/div>\n<p><!--more--><br \/>\n<!-- {\"name\":\"Home\",\"type\":\"layout\",\"children\":[{\"name\":\"Hero\",\"type\":\"section\",\"props\":{\"image_position\":\"center-center\",\"padding\":\"none\",\"padding_remove_top\":false,\"style\":\"default\",\"title_breakpoint\":\"xl\",\"title_position\":\"top-left\",\"title_rotation\":\"left\",\"vertical_align\":\"\",\"width\":\"\"},\"children\":[{\"type\":\"row\",\"children\":[{\"type\":\"column\",\"props\":{\"image_position\":\"center-center\",\"position_sticky_breakpoint\":\"m\",\"width_medium\":\"1-1\"},\"children\":[{\"type\":\"slideshow\",\"props\":{\"image_height\":\"1440\",\"image_width\":\"2560\",\"link_margin\":\"large\",\"link_style\":\"text\",\"link_target\":false,\"link_text\":\"Read more\",\"margin\":\"default\",\"meta_align\":\"above-title\",\"meta_element\":\"div\",\"meta_style\":\"text-meta\",\"nav\":\"dotnav\",\"nav_align\":\"center\",\"nav_below\":false,\"nav_breakpoint\":\"xl\",\"nav_position\":\"bottom-center\",\"nav_position_margin\":\"medium\",\"overlay_animation\":\"parallax\",\"overlay_margin\":\"none\",\"overlay_position\":\"bottom-right\",\"overlay_style\":\"tile-secondary\",\"overlay_width\":\"xlarge\",\"show_content\":true,\"show_link\":true,\"show_meta\":true,\"show_thumbnail\":true,\"show_title\":true,\"slidenav\":\"bottom-left\",\"slidenav_breakpoint\":\"m\",\"slidenav_large\":true,\"slidenav_margin\":\"\",\"slidenav_outside_breakpoint\":\"xl\",\"slideshow_animation\":\"fade\",\"slideshow_autoplay\":true,\"slideshow_autoplay_pause\":false,\"slideshow_height\":\"viewport\",\"slideshow_height_offset_top\":true,\"slideshow_min_height\":\"600\",\"thumbnav_height\":\"75\",\"thumbnav_svg_color\":\"emphasis\",\"thumbnav_width\":\"100\",\"title_element\":\"h1\",\"title_hover_style\":\"reset\",\"title_margin\":\"small\"},\"children\":[{\"type\":\"slideshow_item\",\"props\":{\"image\":\"wp-content\\\/uploads\\\/home-hero-slideshow-01-1.jpg\",\"meta\":\"\",\"title\":\"Piata Unirii\"}},{\"type\":\"slideshow_item\",\"props\":{\"content\":\"\",\"image\":\"wp-content\\\/uploads\\\/home-hero-slideshow-03-1.jpg\",\"link_text\":\"More Information\",\"meta\":\"\",\"title\":\"Palatul Ep. Greco-Catolic\"}},{\"type\":\"slideshow_item\",\"props\":{\"image\":\"wp-content\\\/uploads\\\/home-hero-slideshow-02-1.jpg\",\"link_text\":\"More Information\",\"meta\":\"\",\"title\":\"Teatrul Regina Maria\"}}]}]}]}]},{\"name\":\"About Us\",\"type\":\"section\",\"props\":{\"animation\":\"slide-left-medium\",\"animation_delay\":\"200\",\"css\":\"@media(min-width: 960px) {\\n\\t.el-section > div { padding-top: 280px; }\\n}\",\"image\":\"wp-content\\\/uploads\\\/home-about-bg.svg\",\"image_effect\":\"parallax\",\"image_parallax_bgx\":\"-80,-80\",\"image_parallax_bgy\":\"150,400\",\"image_parallax_easing\":\"1\",\"image_position\":\"top-right\",\"media_visibility\":\"s\",\"padding\":\"xlarge\",\"style\":\"default\",\"title_breakpoint\":\"xl\",\"title_position\":\"top-left\",\"title_rotation\":\"left\",\"vertical_align\":\"\",\"width\":\"xlarge\"},\"children\":[{\"type\":\"row\",\"props\":{\"column_gap\":\"large\",\"layout\":\"large,expand\",\"row_gap\":\"large\"},\"children\":[{\"type\":\"column\",\"props\":{\"image_position\":\"center-center\",\"position_sticky_breakpoint\":\"m\",\"width_large\":\"xlarge\"},\"children\":[{\"type\":\"headline\",\"props\":{\"content\":\"Despre noi\",\"margin_remove_bottom\":true,\"title_color\":\"primary\",\"title_element\":\"div\",\"title_style\":\"h4\"}},{\"type\":\"headline\",\"props\":{\"content\":\"Asociatia \\u201cROTARY  CLUB<br class=\\\"uk-visible@s\\\">   ORADEA  ART  NOUVEAU\\u201d<span class=\\\"uk-text-primary\\\">.<\\\/span>\",\"margin\":\"remove-vertical\",\"title_element\":\"h2\",\"title_style\":\"h1\"}},{\"type\":\"text\",\"props\":{\"column_breakpoint\":\"m\",\"content\":\"este o organizatie neguvernamentala, independenta fata de toate organele de stat, formatiunile sistemului institutional politic precum si fata de alte institutii \\u015fi asociatii socio-profesionale, apolitica, nonprofit, cu personalitate juridica.\",\"margin\":\"large\",\"maxwidth\":\"xlarge\"}},{\"type\":\"button\",\"props\":{\"button_size\":\"large\",\"fullwidth\":false,\"grid_column_gap\":\"small\",\"grid_row_gap\":\"small\",\"margin\":\"default\"},\"children\":[{\"type\":\"button_item\",\"props\":{\"button_style\":\"default\",\"content\":\"Despre noi\",\"dialog_layout\":\"modal\",\"dialog_offcanvas_flip\":true,\"icon_align\":\"left\",\"link\":\"index.php?page_id=21\"}}]}]},{\"type\":\"column\",\"props\":{\"image_position\":\"center-center\",\"position_sticky_breakpoint\":\"m\",\"width_large\":\"expand\"},\"children\":[{\"type\":\"grid\",\"props\":{\"animation\":\"slide-left-medium\",\"content_column_breakpoint\":\"m\",\"css\":\"@media (min-width: 960px) {\\n    .uk-first-column > .el-item {\\n        margin-top: 80px;\\n    }\\n}\",\"filter_align\":\"left\",\"filter_all\":true,\"filter_grid_breakpoint\":\"m\",\"filter_grid_width\":\"auto\",\"filter_position\":\"top\",\"filter_style\":\"tab\",\"grid_default\":\"2\",\"grid_medium\":\"\",\"icon_width\":80,\"image_align\":\"top\",\"image_border\":\"rounded\",\"image_box_decoration\":\"secondary\",\"image_box_decoration_inverse\":true,\"image_grid_breakpoint\":\"m\",\"image_grid_width\":\"1-2\",\"image_link\":true,\"image_svg_color\":\"emphasis\",\"item_animation\":true,\"lightbox_bg_close\":true,\"link_style\":\"default\",\"link_text\":\"\",\"margin\":\"default\",\"meta_align\":\"below-title\",\"meta_element\":\"div\",\"meta_margin\":\"remove\",\"meta_style\":\"text-meta\",\"parallax_easing\":\"1\",\"show_content\":true,\"show_hover_image\":true,\"show_hover_video\":true,\"show_image\":true,\"show_link\":true,\"show_meta\":true,\"show_title\":true,\"show_video\":true,\"title_align\":\"top\",\"title_element\":\"h3\",\"title_grid_breakpoint\":\"m\",\"title_grid_width\":\"1-2\",\"title_hover_style\":\"reset\",\"title_link\":true,\"title_margin\":\"small\",\"title_style\":\"h6\"},\"children\":[{\"type\":\"grid_item\",\"source\":{\"query\":{\"name\":\"posts.customPosts\",\"arguments\":{\"terms\":[],\"category_operator\":\"IN\",\"post_tag_operator\":\"IN\",\"users\":[],\"users_operator\":\"IN\",\"offset\":0,\"limit\":2,\"order\":\"date\",\"order_direction\":\"DESC\"}},\"props\":{\"title\":{\"filters\":{\"search\":\"\"},\"name\":\"title\"},\"meta\":{\"filters\":{\"search\":\"\",\"date\":\"\"},\"name\":\"date\"},\"image\":{\"filters\":{\"search\":\"\"},\"name\":\"featuredImage.url\"},\"link\":{\"filters\":{\"search\":\"\"},\"name\":\"link\"}}}}]}]}]}]},{\"name\":\"Portfolio\",\"type\":\"section\",\"props\":{\"animation\":\"slide-bottom-medium\",\"animation_delay\":\"200\",\"height\":\"viewport\",\"image_position\":\"center-center\",\"padding\":\"xlarge\",\"padding_remove_top\":true,\"style\":\"default\",\"title_breakpoint\":\"xl\",\"title_position\":\"top-left\",\"title_rotation\":\"left\",\"vertical_align\":\"\",\"width\":\"xlarge\"},\"children\":[{\"type\":\"row\",\"props\":{\"class\":\"uk-flex-bottom\",\"layout\":\"2-3,1-3\",\"margin\":\"large\",\"width\":\"xlarge\"},\"children\":[{\"type\":\"column\",\"props\":{\"image_position\":\"center-center\",\"position_sticky_breakpoint\":\"m\",\"width_medium\":\"2-3\"},\"children\":[{\"type\":\"headline\",\"props\":{\"content\":\"Rotary Club Oradea Art Nouveau\",\"title_color\":\"primary\",\"title_element\":\"div\",\"title_style\":\"h6\"}},{\"type\":\"headline\",\"props\":{\"content\":\"Proiectele noastre\",\"margin\":\"remove-vertical\",\"maxwidth\":\"xlarge\",\"title_element\":\"h2\",\"title_style\":\"h1\"}}]},{\"type\":\"column\",\"props\":{\"image_position\":\"center-center\",\"position_sticky_breakpoint\":\"m\",\"width_medium\":\"1-3\"},\"children\":[{\"type\":\"button\",\"props\":{\"button_size\":\"large\",\"grid_column_gap\":\"small\",\"grid_row_gap\":\"small\",\"margin\":\"default\",\"text_align\":\"right\",\"text_align_breakpoint\":\"m\"},\"children\":[{\"type\":\"button_item\",\"props\":{\"button_style\":\"default\",\"content\":\"Toate proiectele noastre\",\"dialog_layout\":\"modal\",\"dialog_offcanvas_flip\":true,\"icon_align\":\"left\",\"link\":\"proiecte\\\/\"}}]}]}]},{\"type\":\"row\",\"children\":[{\"type\":\"column\",\"props\":{\"image_position\":\"center-center\",\"position_sticky_breakpoint\":\"m\",\"width_medium\":\"1-1\"},\"children\":[{\"type\":\"overlay-slider\",\"props\":{\"image_height\":\"860\",\"image_transition\":\"scale-up\",\"image_width\":\"600\",\"link_style\":\"text\",\"link_text\":\"\",\"margin\":\"default\",\"meta_align\":\"below-title\",\"meta_element\":\"div\",\"meta_margin\":\"remove\",\"meta_style\":\"text-meta\",\"nav\":\"\",\"nav_align\":\"center\",\"nav_below\":true,\"nav_breakpoint\":\"s\",\"nav_position\":\"bottom-center\",\"nav_position_margin\":\"medium\",\"overlay_link\":true,\"overlay_maxwidth\":\"large\",\"overlay_mode\":\"caption\",\"overlay_position\":\"bottom-left\",\"overlay_transition\":\"fade\",\"show_content\":true,\"show_hover_image\":true,\"show_hover_video\":true,\"show_link\":true,\"show_meta\":true,\"show_title\":true,\"slidenav\":\"default\",\"slidenav_breakpoint\":\"s\",\"slidenav_hover\":true,\"slidenav_large\":true,\"slidenav_margin\":\"medium\",\"slidenav_outside_breakpoint\":\"xl\",\"slider_autoplay\":true,\"slider_autoplay_interval\":\"6\",\"slider_autoplay_pause\":false,\"slider_center\":true,\"slider_gap\":\"small\",\"slider_width\":\"fixed\",\"slider_width_default\":\"4-5\",\"slider_width_medium\":\"1-3\",\"slider_width_small\":\"1-2\",\"text_align\":\"left\",\"text_color\":\"light\",\"text_color_hover\":false,\"title_element\":\"h3\",\"title_hover_style\":\"reset\",\"title_style\":\"h4\"},\"children\":[{\"type\":\"overlay-slider_item\",\"props\":{\"content\":\"\",\"link_text\":\"Vezi detalii\"},\"source\":{\"query\":{\"name\":\"posts.customPosts\",\"arguments\":{\"terms\":[],\"category_operator\":\"IN\",\"post_tag_operator\":\"IN\",\"users\":[],\"users_operator\":\"IN\",\"offset\":0,\"limit\":15,\"order\":\"date\",\"order_direction\":\"DESC\"}},\"props\":{\"image\":{\"filters\":{\"search\":\"\"},\"name\":\"featuredImage.url\"},\"image_alt\":{\"filters\":{\"search\":\"\"},\"name\":\"featuredImage.alt\"},\"title\":{\"filters\":{\"search\":\"\"},\"name\":\"title\"},\"meta\":{\"filters\":{\"search\":\"\"},\"arguments\":{\"format\":\"list\",\"separator\":\"|\",\"link_style\":\"\",\"show_publish_date\":true,\"show_author\":false,\"show_comments\":true,\"show_taxonomy\":\"category\",\"date_format\":\"\"},\"name\":\"metaString\"},\"link\":{\"filters\":{\"search\":\"\"},\"name\":\"link\"}}}}]}]}]}]},{\"name\":\"News\",\"type\":\"section\",\"props\":{\"animation\":\"slide-bottom-medium\",\"animation_delay\":\"200\",\"image\":\"wp-content\\\/uploads\\\/Rotary-Art-Nouveau-grafica.svg\",\"image_position\":\"bottom-center\",\"image_size\":\"contain\",\"image_width\":\"2560\",\"media_overlay\":\"rgba(255, 255, 255, 0.9)\",\"media_visibility\":\"s\",\"padding\":\"large\",\"padding_remove_top\":true,\"style\":\"default\",\"title_breakpoint\":\"xl\",\"title_position\":\"top-left\",\"title_rotation\":\"left\",\"vertical_align\":\"\",\"width\":\"xlarge\"},\"children\":[{\"type\":\"row\",\"props\":{\"margin\":\"large\",\"margin_remove_top\":true},\"children\":[{\"type\":\"column\",\"props\":{\"image_position\":\"center-center\",\"position_sticky_breakpoint\":\"m\",\"width_medium\":\"1-1\"},\"children\":[{\"type\":\"headline\",\"props\":{\"content\":\"Proiecte Rotary Art Nouveau Oradea\",\"title_color\":\"primary\",\"title_element\":\"div\",\"title_style\":\"h6\"}},{\"type\":\"headline\",\"props\":{\"content\":\"For more information and inspiration, just follow us<span class=\\\"uk-text-primary\\\">.<\\\/span>\",\"margin\":\"remove-vertical\",\"maxwidth\":\"2xlarge\",\"title_element\":\"h2\",\"title_style\":\"h1\"}}]}]},{\"type\":\"row\",\"props\":{\"column_gap\":\"medium\",\"layout\":\"1-2,1-2\",\"row_gap\":\"medium\"},\"children\":[{\"type\":\"column\",\"props\":{\"image_position\":\"center-center\",\"position_sticky_breakpoint\":\"m\",\"width_large\":\"1-2\"},\"children\":[{\"type\":\"overlay\",\"props\":{\"content\":\"\",\"image_alt\":\"Rotary Club Oradea Art Nouveau\",\"image_height\":648,\"image_width\":\"1080\",\"link_style\":\"default\",\"link_text\":\"\",\"margin\":\"default\",\"meta_align\":\"above-title\",\"meta_element\":\"div\",\"meta_style\":\"text-meta\",\"overlay_hover\":true,\"overlay_link\":true,\"overlay_mode\":\"cover\",\"overlay_position\":\"bottom-left\",\"overlay_style\":\"overlay-primary\",\"overlay_transition\":\"fade\",\"overlay_transition_background\":true,\"text_align\":\"left\",\"text_color\":\"light\",\"title_element\":\"h3\",\"title_hover_style\":\"reset\",\"title_margin\":\"remove\",\"title_style\":\"h4\"},\"source\":{\"query\":{\"name\":\"posts.customPosts\",\"arguments\":{\"terms\":[],\"category_operator\":\"IN\",\"post_tag_operator\":\"IN\",\"users\":[],\"users_operator\":\"IN\",\"offset\":5,\"limit\":2,\"order\":\"date\",\"order_direction\":\"DESC\"}},\"props\":{\"image\":{\"filters\":{\"search\":\"\"},\"name\":\"featuredImage.url\"},\"title\":{\"filters\":{\"search\":\"\"},\"name\":\"title\"},\"meta\":{\"filters\":{\"search\":\"\"},\"arguments\":{\"separator\":\", \",\"show_link\":true,\"link_style\":\"\"},\"name\":\"categoryString\"},\"link\":{\"filters\":{\"search\":\"\"},\"name\":\"link\"}}}}]},{\"type\":\"column\",\"props\":{\"image_position\":\"center-center\",\"position_sticky_breakpoint\":\"m\",\"width_large\":\"1-2\"},\"children\":[{\"type\":\"overlay\",\"props\":{\"content\":\"\",\"image_alt\":\"Proiecte Rotray Art Nouveau Oradea\",\"image_width\":\"1080\",\"link_style\":\"default\",\"link_text\":\"\",\"margin\":\"default\",\"meta_align\":\"above-title\",\"meta_element\":\"div\",\"meta_style\":\"text-meta\",\"overlay_hover\":true,\"overlay_link\":true,\"overlay_mode\":\"cover\",\"overlay_position\":\"bottom-left\",\"overlay_style\":\"overlay-primary\",\"overlay_transition\":\"fade\",\"overlay_transition_background\":true,\"text_align\":\"left\",\"text_color\":\"light\",\"title_element\":\"h3\",\"title_hover_style\":\"reset\",\"title_margin\":\"remove\",\"title_style\":\"h4\"},\"source\":{\"query\":{\"name\":\"posts.customPosts\",\"arguments\":{\"terms\":[],\"category_operator\":\"IN\",\"post_tag_operator\":\"IN\",\"users\":[],\"users_operator\":\"IN\",\"offset\":7,\"limit\":1,\"order\":\"date\",\"order_direction\":\"DESC\"}},\"props\":{\"image\":{\"filters\":{\"search\":\"\"},\"name\":\"featuredImage.url\"},\"meta\":{\"filters\":{\"search\":\"\"},\"arguments\":{\"separator\":\", \",\"show_link\":true,\"link_style\":\"\"},\"name\":\"categoryString\"},\"title\":{\"filters\":{\"search\":\"\"},\"name\":\"title\"},\"link\":{\"filters\":{\"search\":\"\"},\"name\":\"link\"}}}},{\"type\":\"gallery\",\"props\":{\"filter_align\":\"left\",\"filter_all\":true,\"filter_grid_breakpoint\":\"m\",\"filter_grid_width\":\"auto\",\"filter_position\":\"top\",\"filter_style\":\"tab\",\"grid_column_gap\":\"medium\",\"grid_default\":\"1\",\"grid_medium\":\"\",\"grid_row_gap\":\"medium\",\"grid_small\":\"2\",\"image_height\":\"610\",\"image_width\":\"650\",\"item_animation\":true,\"lightbox_bg_close\":true,\"link_style\":\"default\",\"link_text\":\"\",\"margin\":\"default\",\"meta_align\":\"above-title\",\"meta_element\":\"div\",\"meta_style\":\"text-meta\",\"overlay_hover\":true,\"overlay_link\":true,\"overlay_mode\":\"cover\",\"overlay_position\":\"bottom-left\",\"overlay_style\":\"overlay-primary\",\"overlay_transition\":\"fade\",\"overlay_transition_background\":true,\"parallax_easing\":\"1\",\"show_content\":true,\"show_hover_image\":true,\"show_hover_video\":true,\"show_link\":true,\"show_meta\":true,\"show_title\":true,\"text_align\":\"left\",\"text_color\":\"light\",\"title_element\":\"h3\",\"title_hover_style\":\"reset\",\"title_margin\":\"remove\",\"title_style\":\"h4\"},\"children\":[{\"type\":\"gallery_item\",\"props\":{\"content\":\"\"},\"source\":{\"query\":{\"name\":\"posts.customPosts\",\"arguments\":{\"terms\":[],\"category_operator\":\"IN\",\"post_tag_operator\":\"IN\",\"users\":[],\"users_operator\":\"IN\",\"offset\":8,\"limit\":2,\"order\":\"date\",\"order_direction\":\"DESC\"}},\"props\":{\"image\":{\"filters\":{\"search\":\"\"},\"name\":\"featuredImage.url\"},\"title\":{\"filters\":{\"search\":\"\"},\"name\":\"title\"},\"meta\":{\"filters\":{\"search\":\"\"},\"arguments\":{\"separator\":\", \",\"show_link\":true,\"link_style\":\"\"},\"name\":\"categoryString\"},\"link\":{\"filters\":{\"search\":\"\"},\"name\":\"link\"}}}}]}]}]}]}],\"version\":\"4.5.31\"} --><\/p>\n","protected":false},"excerpt":{"rendered":"<p>Piata Unirii Palatul Ep. Greco-Catolic Teatrul Regina Maria Despre noi Asociatia \u201cROTARY CLUB ORADEA ART NOUVEAU\u201d. este o organizatie neguvernamentala, independenta fata de toate organele de stat, formatiunile sistemului institutional politic precum si fata de alte institutii \u015fi asociatii socio-profesionale, apolitica, nonprofit, cu personalitate juridica. Despre noi Rotary Club Oradea Art Nouveau Proiectele noastre Toate [&hellip;]<\/p>\n","protected":false},"author":5,"featured_media":0,"parent":0,"menu_order":5,"comment_status":"closed","ping_status":"closed","template":"","meta":{"footnotes":""},"class_list":["post-19","page","type-page","status-publish","hentry"],"yoast_head":"<!-- This site is optimized with the Yoast SEO plugin v27.2 - https:\/\/yoast.com\/product\/yoast-seo-wordpress\/ -->\n<title>Rotary Art Nouveau Oradea<\/title>\n<meta name=\"description\" content=\"Asocia\u021bia noastr\u0103 este membr\u0103 Rotary International, dedicat\u0103 implic\u0103rii sociale \u0219i dezvolt\u0103rii comunit\u0103\u021bii din Oradea. Vezi proiectele noastre!\" \/>\n<meta name=\"robots\" content=\"index, follow, max-snippet:-1, max-image-preview:large, max-video-preview:-1\" \/>\n<link rel=\"canonical\" href=\"https:\/\/rotaryartnouveau.ro\/fr\/\" \/>\n<meta property=\"og:locale\" content=\"fr_FR\" \/>\n<meta property=\"og:type\" content=\"article\" \/>\n<meta property=\"og:title\" content=\"Rotary Art Nouveau Oradea\" \/>\n<meta property=\"og:description\" content=\"Asocia\u021bia noastr\u0103 este membr\u0103 Rotary International, dedicat\u0103 implic\u0103rii sociale \u0219i dezvolt\u0103rii comunit\u0103\u021bii din Oradea. Vezi proiectele noastre!\" \/>\n<meta property=\"og:url\" content=\"https:\/\/rotaryartnouveau.ro\/fr\/\" \/>\n<meta property=\"og:site_name\" content=\"Rotary Art Nouveau Oradea\" \/>\n<meta property=\"article:modified_time\" content=\"2025-10-26T06:44:54+00:00\" \/>\n<meta name=\"twitter:card\" content=\"summary_large_image\" \/>\n<meta name=\"twitter:label1\" content=\"Dur\u00e9e de lecture estim\u00e9e\" \/>\n\t<meta name=\"twitter:data1\" content=\"1 minute\" \/>\n<script type=\"application\/ld+json\" class=\"yoast-schema-graph\">{\"@context\":\"https:\/\/schema.org\",\"@graph\":[{\"@type\":\"WebPage\",\"@id\":\"https:\/\/rotaryartnouveau.ro\/\",\"url\":\"https:\/\/rotaryartnouveau.ro\/\",\"name\":\"Rotary Art Nouveau Oradea\",\"isPartOf\":{\"@id\":\"https:\/\/rotaryartnouveau.ro\/#website\"},\"datePublished\":\"2018-05-31T12:40:14+00:00\",\"dateModified\":\"2025-10-26T06:44:54+00:00\",\"description\":\"Asocia\u021bia noastr\u0103 este membr\u0103 Rotary International, dedicat\u0103 implic\u0103rii sociale \u0219i dezvolt\u0103rii comunit\u0103\u021bii din Oradea. Vezi proiectele noastre!\",\"breadcrumb\":{\"@id\":\"https:\/\/rotaryartnouveau.ro\/#breadcrumb\"},\"inLanguage\":\"fr-FR\",\"potentialAction\":[{\"@type\":\"ReadAction\",\"target\":[\"https:\/\/rotaryartnouveau.ro\/\"]}]},{\"@type\":\"BreadcrumbList\",\"@id\":\"https:\/\/rotaryartnouveau.ro\/#breadcrumb\",\"itemListElement\":[{\"@type\":\"ListItem\",\"position\":1,\"name\":\"Home\",\"item\":\"https:\/\/rotaryartnouveau.ro\/\"},{\"@type\":\"ListItem\",\"position\":2,\"name\":\"Acas\u0103\"}]},{\"@type\":\"WebSite\",\"@id\":\"https:\/\/rotaryartnouveau.ro\/#website\",\"url\":\"https:\/\/rotaryartnouveau.ro\/\",\"name\":\"Rotary Art Nouveau Oradea\",\"description\":\"Rotary Club Oradea Art Nouveau\",\"publisher\":{\"@id\":\"https:\/\/rotaryartnouveau.ro\/#organization\"},\"potentialAction\":[{\"@type\":\"SearchAction\",\"target\":{\"@type\":\"EntryPoint\",\"urlTemplate\":\"https:\/\/rotaryartnouveau.ro\/?s={search_term_string}\"},\"query-input\":{\"@type\":\"PropertyValueSpecification\",\"valueRequired\":true,\"valueName\":\"search_term_string\"}}],\"inLanguage\":\"fr-FR\"},{\"@type\":\"Organization\",\"@id\":\"https:\/\/rotaryartnouveau.ro\/#organization\",\"name\":\"Rotary Club Oradea Art Nouveau\",\"url\":\"https:\/\/rotaryartnouveau.ro\/\",\"logo\":{\"@type\":\"ImageObject\",\"inLanguage\":\"fr-FR\",\"@id\":\"https:\/\/rotaryartnouveau.ro\/#\/schema\/logo\/image\/\",\"url\":\"https:\/\/rotaryartnouveau.ro\/wp-content\/uploads\/roatry-art-nouveau-logo.svg\",\"contentUrl\":\"https:\/\/rotaryartnouveau.ro\/wp-content\/uploads\/roatry-art-nouveau-logo.svg\",\"width\":320,\"height\":122,\"caption\":\"Rotary Club Oradea Art Nouveau\"},\"image\":{\"@id\":\"https:\/\/rotaryartnouveau.ro\/#\/schema\/logo\/image\/\"}}]}<\/script>\n<!-- \/ Yoast SEO plugin. -->","yoast_head_json":{"title":"Rotatif Art Nouveau Oradea","description":"Notre association est membre du Rotary International, d\u00e9di\u00e9e \u00e0 l&#039;engagement social et au d\u00e9veloppement communautaire \u00e0 Oradea. D\u00e9couvrez nos projets !","robots":{"index":"index","follow":"follow","max-snippet":"max-snippet:-1","max-image-preview":"max-image-preview:large","max-video-preview":"max-video-preview:-1"},"canonical":"https:\/\/rotaryartnouveau.ro\/fr\/","og_locale":"fr_FR","og_type":"article","og_title":"Rotary Art Nouveau Oradea","og_description":"Asocia\u021bia noastr\u0103 este membr\u0103 Rotary International, dedicat\u0103 implic\u0103rii sociale \u0219i dezvolt\u0103rii comunit\u0103\u021bii din Oradea. Vezi proiectele noastre!","og_url":"https:\/\/rotaryartnouveau.ro\/fr\/","og_site_name":"Rotary Art Nouveau Oradea","article_modified_time":"2025-10-26T06:44:54+00:00","twitter_card":"summary_large_image","twitter_misc":{"Dur\u00e9e de lecture estim\u00e9e":"1 minute"},"schema":{"@context":"https:\/\/schema.org","@graph":[{"@type":"WebPage","@id":"https:\/\/rotaryartnouveau.ro\/","url":"https:\/\/rotaryartnouveau.ro\/","name":"Rotatif Art Nouveau Oradea","isPartOf":{"@id":"https:\/\/rotaryartnouveau.ro\/#website"},"datePublished":"2018-05-31T12:40:14+00:00","dateModified":"2025-10-26T06:44:54+00:00","description":"Notre association est membre du Rotary International, d\u00e9di\u00e9e \u00e0 l&#039;engagement social et au d\u00e9veloppement communautaire \u00e0 Oradea. D\u00e9couvrez nos projets !","breadcrumb":{"@id":"https:\/\/rotaryartnouveau.ro\/#breadcrumb"},"inLanguage":"fr-FR","potentialAction":[{"@type":"ReadAction","target":["https:\/\/rotaryartnouveau.ro\/"]}]},{"@type":"BreadcrumbList","@id":"https:\/\/rotaryartnouveau.ro\/#breadcrumb","itemListElement":[{"@type":"ListItem","position":1,"name":"Home","item":"https:\/\/rotaryartnouveau.ro\/"},{"@type":"ListItem","position":2,"name":"Acas\u0103"}]},{"@type":"WebSite","@id":"https:\/\/rotaryartnouveau.ro\/#website","url":"https:\/\/rotaryartnouveau.ro\/","name":"Rotatif Art Nouveau Oradea","description":"Rotary Club Art Nouveau d&#039;Oradea","publisher":{"@id":"https:\/\/rotaryartnouveau.ro\/#organization"},"potentialAction":[{"@type":"SearchAction","target":{"@type":"EntryPoint","urlTemplate":"https:\/\/rotaryartnouveau.ro\/?s={search_term_string}"},"query-input":{"@type":"PropertyValueSpecification","valueRequired":true,"valueName":"search_term_string"}}],"inLanguage":"fr-FR"},{"@type":"Organization","@id":"https:\/\/rotaryartnouveau.ro\/#organization","name":"Rotary Club Art Nouveau d&#039;Oradea","url":"https:\/\/rotaryartnouveau.ro\/","logo":{"@type":"ImageObject","inLanguage":"fr-FR","@id":"https:\/\/rotaryartnouveau.ro\/#\/schema\/logo\/image\/","url":"https:\/\/rotaryartnouveau.ro\/wp-content\/uploads\/roatry-art-nouveau-logo.svg","contentUrl":"https:\/\/rotaryartnouveau.ro\/wp-content\/uploads\/roatry-art-nouveau-logo.svg","width":320,"height":122,"caption":"Rotary Club Oradea Art Nouveau"},"image":{"@id":"https:\/\/rotaryartnouveau.ro\/#\/schema\/logo\/image\/"}}]}},"jetpack_sharing_enabled":true,"_links":{"self":[{"href":"https:\/\/rotaryartnouveau.ro\/fr\/wp-json\/wp\/v2\/pages\/19","targetHints":{"allow":["GET"]}}],"collection":[{"href":"https:\/\/rotaryartnouveau.ro\/fr\/wp-json\/wp\/v2\/pages"}],"about":[{"href":"https:\/\/rotaryartnouveau.ro\/fr\/wp-json\/wp\/v2\/types\/page"}],"author":[{"embeddable":true,"href":"https:\/\/rotaryartnouveau.ro\/fr\/wp-json\/wp\/v2\/users\/5"}],"replies":[{"embeddable":true,"href":"https:\/\/rotaryartnouveau.ro\/fr\/wp-json\/wp\/v2\/comments?post=19"}],"version-history":[{"count":3,"href":"https:\/\/rotaryartnouveau.ro\/fr\/wp-json\/wp\/v2\/pages\/19\/revisions"}],"predecessor-version":[{"id":2407,"href":"https:\/\/rotaryartnouveau.ro\/fr\/wp-json\/wp\/v2\/pages\/19\/revisions\/2407"}],"wp:attachment":[{"href":"https:\/\/rotaryartnouveau.ro\/fr\/wp-json\/wp\/v2\/media?parent=19"}],"curies":[{"name":"wp","href":"https:\/\/api.w.org\/{rel}","templated":true}]}}