{"id":21,"date":"2018-05-31T12:40:14","date_gmt":"2018-05-31T10:40:14","guid":{"rendered":"http:\/\/localhost\/yootheme_pro\/2018\/Yard\/Website_WP\/index.php\/about\/"},"modified":"2025-02-05T15:47:38","modified_gmt":"2025-02-05T13:47:38","slug":"about-us","status":"publish","type":"page","link":"https:\/\/rotaryartnouveau.ro\/en\/despre-noi\/","title":{"rendered":"About us"},"content":{"rendered":"<div>Despre noi<\/div>\n<h1>Asociatia \u201cROTARY  CLUB  ORADEA  ART  NOUVEAU\u201d<\/h1>\n<div>este o organizatie neguvernamentala, independenta fata de toate organele de stat, formatiunile sistemului institutional politic precum si fata de alte institutii \u015fi asociatii socio-profesionale, apolitica, nonprofit, cu personalitate juridica. ROTARY  CLUB  ORADEA  ART  NOUVEAU este membru al Rotary International.<\/p>\n<p>Principiile fundamentale ale desfasurarii activitatii ROTARY  CLUB  ORADEA  ART  NOUVEAU sunt: egalitatea in drepturi, unitatea, democratia, solidaritatea, respectul pentru valori si culturi diferite, autonomia deplina \u015fi reprezentarea autonoma a membrilor, transparenta asupra activitatilor si rezultatelor asociatiei atat fata de membri, colaboratori, cat si fata de parteneri.<\/p><\/div>\n<p><p>\n        <a href=\"\/index.php?page_id=572\">Vezi membrii Clubului Rotary Art Nouveau<\/a>\n    <\/p>\n<\/p>\n<h2>Scopul \u0219i obiectul de activitate<\/h2>\n<div>Obiectul ROTARY  CLUB  ORADEA  ART  NOUVEAU este de a incuraja \u015fi sprijini idealul de a servi ca baza unei intreprinderi onorabile si, in particular, de a incuraja \u015fi sprijini:<\/div>\n<ul>\n<li>\n<div>I.\tDezvoltarea cunostin\u021belor ca oportunitate de a servi;<\/div>\n<\/li>\n<li>\n<div>II.\tStandarde etice inalte in afaceri \u015fi profesii; recunoa\u015fterea valorii tuturor ocupatiilor utile; \u015fi innobilarea ocupatiei fiecarui rotarian ca oportunitate de a servi societatea;<\/div>\n<\/li>\n<li>\n<div>III.\tAplicarea idealului de a servi in via\u0163a personala, profesionala \u0219i de comunitate a fiecarui rotarian;<\/div>\n<\/li>\n<li>\n<div>IV.\tPromovarea in\u0163elegerii internationale, a bunavointei si a pacii prin intermediul rela\u0163iilor amicale ale persoanelor de diferite profesii, unite sub idealul de a servi.<\/div>\n<\/li>\n<\/ul>\n<ul>\n<li>\n<h3>2018<\/h3>\n<p>\u00cenfiin\u021bat<\/p>\n<\/li>\n<li>\n<h3>45<\/h3>\n<p>Membri<\/p>\n<\/li>\n<li>\n<h3>50+<\/h3>\n<p>Proiecte<\/p>\n<\/li>\n<\/ul>\n<p><img decoding=\"async\" src=\"\/wp-content\/uploads\/oradea-283716676.jpg\" alt=\"\"><\/p>\n<h2>Scopul ROTARY  CLUB  ORADEA  ART  NOUVEAU. Cinci C\u0103i de a Servi.<\/h2>\n<div>Cele Cinci C\u0103i de a Servi ale Rotary reprezint\u0103 cadrul filozofic \u0219i practic pentru activitatea acestui club Rotary:<\/div>\n<ul>\n<li>\n<h3>I. Serviciul pentru Club,<\/h3>\n<div> prima cale de a servi, implica actiunea pe care trebuie sa o intreprinda un membru al clubului pentru a sprijini functionarea cu succes a clubului.<\/div>\n<\/li>\n<li>\n<h3>II. Serviciul Vocational,<\/h3>\n<div> a doua cale de a servi, are rolul de a promova inalte standarde etice in afaceri si profesii, recunoscand valoarea tuturor ocupatiilor utile si considerand profesiunea fiecarui rotarian ca o oportunitate de a servi. Membrii clubului trebuie sa respecte principiile Rotary in via\u0163a personalasi profesionala.<\/div>\n<\/li>\n<li>\n<h3>III. Serviciul Comunitar,<\/h3>\n<div> a treia cale de a servi, cuprinde eforturi variate pe care membrii trebuie sa le faca, uneori in colaborare cu altii, pentru a \u00eembunatati calitatea vietii persoanelor care traiesc in localitatea sau municipiul unde se afla clubul.<\/div>\n<\/li>\n<\/ul>\n<hr>\n<ul>\n<li>\n<h3>IV. Serviciul International,<\/h3>\n<div> a patra cale de a servi, cuprinde acele activitati pe care membrii trebuie sa le faca pentru a promova intelegerea internationala, bunavointa \u0219i pacea prin favorizarea cunoasterii de noi persoane din alte tari, culturile acestora, obiceiurile, realizarile, aspiratiile \u0219i problemele, prin lecturasi corespondenta si prin cooperare in toate activitatile de club \u015fi de proiecte destinate sa sprijine persoanele din alte tari.<\/div>\n<\/li>\n<li>\n<h3>V. Serviciul Noii Generatii,<\/h3>\n<div> a cincea cale de a servi, recunoaste schimbarea pozitiva adusa de tineri prin implicarea lor in activitati de leadership, proiecte comunitare si interna\u021bionale de serviciu \u0219i programe de schimb care imbunatatesc si favorizeaza pacea interna\u0163ionala \u0219i intelegerea culturala.<\/div>\n<\/li>\n<\/ul>\n<p><!--more--><br \/>\n<!-- {\"name\":\"About\",\"type\":\"layout\",\"children\":[{\"name\":\"Hero\",\"type\":\"section\",\"props\":{\"animation\":\"slide-left-small\",\"animation_delay\":\"200\",\"image_position\":\"center-center\",\"padding\":\"none\",\"padding_remove_top\":false,\"style\":\"secondary\",\"title_breakpoint\":\"xl\",\"title_position\":\"top-left\",\"title_rotation\":\"left\",\"vertical_align\":\"\",\"width\":\"\"},\"children\":[{\"type\":\"row\",\"props\":{\"column_gap\":\"large\",\"layout\":\"1-2,1-2\",\"row_gap\":\"large\"},\"children\":[{\"type\":\"column\",\"props\":{\"css\":\".el-column {\\n\\tmin-height: 500px;\\n}\",\"image\":\"wp-content\\\/uploads\\\/despre-noi.jpg\",\"image_position\":\"center-center\",\"image_size\":\"cover\",\"position_sticky_breakpoint\":\"m\",\"width_medium\":\"1-2\"}},{\"type\":\"column\",\"props\":{\"image_position\":\"center-center\",\"padding\":\"xlarge\",\"position_sticky_breakpoint\":\"m\",\"style\":\"tile-secondary\",\"width_medium\":\"1-2\"},\"children\":[{\"type\":\"headline\",\"props\":{\"block_align\":\"center\",\"content\":\"Despre noi\",\"maxwidth\":\"xlarge\",\"maxwidth_breakpoint\":\"l\",\"title_color\":\"background\",\"title_element\":\"div\",\"title_style\":\"h4\"}},{\"type\":\"headline\",\"props\":{\"block_align\":\"center\",\"content\":\"Asociatia \\u201cROTARY  CLUB  ORADEA  ART  NOUVEAU\\u201d\",\"margin\":\"medium\",\"margin_remove_top\":false,\"maxwidth\":\"xlarge\",\"maxwidth_breakpoint\":\"l\",\"text_align_breakpoint\":\"m\",\"text_align_fallback\":\"center\",\"title_element\":\"h1\"}},{\"type\":\"text\",\"props\":{\"block_align\":\"center\",\"column_breakpoint\":\"xl\",\"content\":\"este o organizatie neguvernamentala, independenta fata de toate organele de stat, formatiunile sistemului institutional politic precum si fata de alte institutii \\u015fi asociatii socio-profesionale, apolitica, nonprofit, cu personalitate juridica. ROTARY  CLUB  ORADEA  ART  NOUVEAU este membru al Rotary International.\\n\n\n\\nPrincipiile fundamentale ale desfasurarii activitatii ROTARY  CLUB  ORADEA  ART  NOUVEAU sunt: egalitatea in drepturi, unitatea, democratia, solidaritatea, respectul pentru valori si culturi diferite, autonomia deplina \\u015fi reprezentarea autonoma a membrilor, transparenta asupra activitatilor si rezultatelor asociatiei atat fata de membri, colaboratori, cat si fata de parteneri.\",\"margin\":\"\",\"margin_remove_top\":false,\"maxwidth\":\"xlarge\",\"maxwidth_breakpoint\":\"l\",\"text_align\":\"justify\"}},{\"type\":\"button\",\"props\":{\"block_align\":\"center\",\"grid_column_gap\":\"small\",\"grid_row_gap\":\"small\",\"margin\":\"xlarge\",\"maxwidth\":\"xlarge\",\"maxwidth_breakpoint\":\"l\"},\"children\":[{\"type\":\"button_item\",\"props\":{\"button_style\":\"text\",\"content\":\"Vezi membrii Clubului Rotary Art Nouveau\",\"dialog_layout\":\"modal\",\"dialog_offcanvas_flip\":true,\"icon_align\":\"left\",\"link\":\"index.php?page_id=572\"}}]}]}]}]},{\"name\":\"History\",\"type\":\"section\",\"props\":{\"animation\":\"slide-left-medium\",\"animation_delay\":false,\"image_position\":\"center-center\",\"padding\":\"large\",\"padding_remove_top\":false,\"style\":\"default\",\"title_breakpoint\":\"xl\",\"title_position\":\"top-left\",\"title_rotation\":\"left\",\"vertical_align\":\"\",\"width\":\"xlarge\"},\"children\":[{\"type\":\"row\",\"props\":{\"column_gap\":\"large\",\"divider\":false,\"layout\":\"2-3,1-3\",\"margin\":\"large\",\"margin_remove_bottom\":false,\"row_gap\":\"large\"},\"children\":[{\"type\":\"column\",\"props\":{\"image_position\":\"center-center\",\"position_sticky_breakpoint\":\"m\",\"width_medium\":\"2-3\"},\"children\":[{\"type\":\"headline\",\"props\":{\"content\":\"Scopul \\u0219i obiectul de activitate\",\"margin\":\"large\",\"margin_remove_top\":true,\"maxwidth\":\"xlarge\",\"text_align_breakpoint\":\"m\",\"text_align_fallback\":\"center\",\"title_element\":\"h2\",\"title_style\":\"h1\"}},{\"type\":\"text\",\"props\":{\"column_breakpoint\":\"m\",\"content\":\"Obiectul ROTARY  CLUB  ORADEA  ART  NOUVEAU este de a incuraja \\u015fi sprijini idealul de a servi ca baza unei intreprinderi onorabile si, in particular, de a incuraja \\u015fi sprijini:\",\"margin\":\"default\"}},{\"type\":\"list\",\"props\":{\"column_breakpoint\":\"m\",\"image_align\":\"left\",\"image_svg_color\":\"emphasis\",\"image_vertical_align\":true,\"list_element\":\"ul\",\"list_horizontal_separator\":\", \",\"list_type\":\"vertical\",\"show_image\":true,\"show_link\":true},\"children\":[{\"type\":\"list_item\",\"props\":{\"content\":\"I.\\tDezvoltarea cunostin\\u021belor ca oportunitate de a servi;\"}},{\"type\":\"list_item\",\"props\":{\"content\":\"II.\\tStandarde etice inalte in afaceri \\u015fi profesii; recunoa\\u015fterea valorii tuturor ocupatiilor utile; \\u015fi innobilarea ocupatiei fiecarui rotarian ca oportunitate de a servi societatea;\"}},{\"type\":\"list_item\",\"props\":{\"content\":\"III.\\tAplicarea idealului de a servi in via\\u0163a personala, profesionala \\u0219i de comunitate a fiecarui rotarian;\"}},{\"type\":\"list_item\",\"props\":{\"content\":\"IV.\\tPromovarea in\\u0163elegerii internationale, a bunavointei si a pacii prin intermediul rela\\u0163iilor amicale ale persoanelor de diferite profesii, unite sub idealul de a servi.\"}}]},{\"type\":\"grid\",\"props\":{\"content_column_breakpoint\":\"m\",\"filter_align\":\"left\",\"filter_all\":true,\"filter_grid_breakpoint\":\"m\",\"filter_grid_width\":\"auto\",\"filter_position\":\"top\",\"filter_style\":\"tab\",\"grid_default\":\"3\",\"grid_medium\":\"3\",\"icon_width\":80,\"image_align\":\"top\",\"image_grid_breakpoint\":\"m\",\"image_grid_width\":\"1-2\",\"image_svg_color\":\"emphasis\",\"item_animation\":true,\"lightbox_bg_close\":true,\"link_style\":\"default\",\"link_text\":\"Read more\",\"margin\":\"large\",\"meta_align\":\"below-title\",\"meta_color\":\"muted\",\"meta_element\":\"div\",\"meta_margin\":\"remove\",\"meta_style\":\"\",\"parallax_easing\":\"1\",\"show_content\":true,\"show_hover_image\":true,\"show_hover_video\":true,\"show_image\":true,\"show_link\":true,\"show_meta\":true,\"show_title\":true,\"show_video\":true,\"title_align\":\"top\",\"title_element\":\"h3\",\"title_grid_breakpoint\":\"m\",\"title_grid_width\":\"1-2\",\"title_hover_style\":\"reset\",\"title_style\":\"h1\"},\"children\":[{\"type\":\"grid_item\",\"props\":{\"meta\":\"\\u00cenfiin\\u021bat\",\"title\":\"2018\"}},{\"type\":\"grid_item\",\"props\":{\"meta\":\"Membri\",\"title\":\"45\"}},{\"type\":\"grid_item\",\"props\":{\"meta\":\"Proiecte\",\"title\":\"50+\"}}]}]},{\"type\":\"column\",\"props\":{\"image_position\":\"center-center\",\"position_sticky_breakpoint\":\"m\",\"width_medium\":\"1-3\"},\"children\":[{\"type\":\"image\",\"props\":{\"image\":\"wp-content\\\/uploads\\\/oradea-283716676.jpg\",\"image_svg_color\":\"emphasis\",\"image_width\":\"1200\",\"margin\":\"default\"}}]}]}]},{\"name\":\"Awards\",\"type\":\"section\",\"props\":{\"animation\":\"fade\",\"image\":\"wp-content\\\/uploads\\\/Rotary-Art-Nouveau-grafica.svg\",\"image_position\":\"center-center\",\"media_overlay\":\"rgba(255, 255, 255, 0.85)\",\"padding\":\"xlarge\",\"padding_remove_top\":true,\"style\":\"default\",\"title_breakpoint\":\"xl\",\"title_position\":\"top-left\",\"title_rotation\":\"left\",\"vertical_align\":\"\",\"width\":\"xlarge\"},\"children\":[{\"type\":\"row\",\"children\":[{\"type\":\"column\",\"props\":{\"image_position\":\"center-center\",\"position_sticky_breakpoint\":\"m\",\"width_medium\":\"1-1\"},\"children\":[{\"type\":\"headline\",\"props\":{\"content\":\"Scopul ROTARY  CLUB  ORADEA  ART  NOUVEAU. Cinci C\\u0103i de a Servi.\",\"margin\":\"large\",\"margin_remove_bottom\":true,\"margin_remove_top\":true,\"maxwidth\":\"2xlarge\",\"text_align_breakpoint\":\"m\",\"text_align_fallback\":\"center\",\"title_element\":\"h2\"}},{\"type\":\"text\",\"props\":{\"column_breakpoint\":\"m\",\"content\":\"Cele Cinci C\\u0103i de a Servi ale Rotary reprezint\\u0103 cadrul filozofic \\u0219i practic pentru activitatea acestui club Rotary:\",\"margin\":\"default\",\"margin_remove_top\":true}}]}]},{\"type\":\"row\",\"props\":{\"column_gap\":\"large\",\"layout\":\"1-2,1-2\",\"margin\":\"default\",\"margin_remove_top\":false,\"row_gap\":\"large\"},\"children\":[{\"type\":\"column\",\"props\":{\"image_position\":\"center-center\",\"position_sticky_breakpoint\":\"m\",\"width_medium\":\"1-2\"},\"children\":[{\"type\":\"description_list\",\"props\":{\"animation\":\"slide-bottom-medium\",\"column_breakpoint\":\"m\",\"layout\":\"grid-2-m\",\"list_element\":\"ul\",\"list_size\":\"large\",\"list_style\":\"divider\",\"maxwidth\":\"2xlarge\",\"meta_align\":\"below-content\",\"meta_style\":\"text-meta\",\"show_content\":true,\"show_link\":true,\"show_meta\":true,\"show_title\":true,\"title_element\":\"h3\",\"title_grid_column_gap\":\"large\",\"title_grid_row_gap\":\"large\",\"title_grid_width\":\"expand\",\"title_style\":\"h5\"},\"children\":[{\"type\":\"description_list_item\",\"props\":{\"content\":\" prima cale de a servi, implica actiunea pe care trebuie sa o intreprinda un membru al clubului pentru a sprijini functionarea cu succes a clubului.\",\"meta\":\"\",\"title\":\"I. Serviciul pentru Club,\"}},{\"type\":\"description_list_item\",\"props\":{\"content\":\" a doua cale de a servi, are rolul de a promova inalte standarde etice in afaceri si profesii, recunoscand valoarea tuturor ocupatiilor utile si considerand profesiunea fiecarui rotarian ca o oportunitate de a servi. Membrii clubului trebuie sa respecte principiile Rotary in via\\u0163a personalasi profesionala.\",\"meta\":\"\",\"title\":\"II. Serviciul Vocational,\"}},{\"type\":\"description_list_item\",\"props\":{\"content\":\" a treia cale de a servi, cuprinde eforturi variate pe care membrii trebuie sa le faca, uneori in colaborare cu altii, pentru a \\u00eembunatati calitatea vietii persoanelor care traiesc in localitatea sau municipiul unde se afla clubul.\",\"meta\":\"\",\"title\":\"III. Serviciul Comunitar,\"}}]},{\"type\":\"divider\",\"props\":{\"divider_element\":\"hr\"}},{\"type\":\"description_list\",\"props\":{\"animation\":\"slide-bottom-medium\",\"column_breakpoint\":\"m\",\"layout\":\"grid-2-m\",\"list_element\":\"ul\",\"list_size\":\"large\",\"list_style\":\"divider\",\"maxwidth\":\"2xlarge\",\"meta_align\":\"below-content\",\"meta_style\":\"text-meta\",\"show_content\":true,\"show_link\":true,\"show_meta\":true,\"show_title\":true,\"title_element\":\"h3\",\"title_grid_column_gap\":\"large\",\"title_grid_row_gap\":\"large\",\"title_grid_width\":\"expand\",\"title_style\":\"h5\"},\"children\":[{\"type\":\"description_list_item\",\"props\":{\"content\":\" a patra cale de a servi, cuprinde acele activitati pe care membrii trebuie sa le faca pentru a promova intelegerea internationala, bunavointa \\u0219i pacea prin favorizarea cunoasterii de noi persoane din alte tari, culturile acestora, obiceiurile, realizarile, aspiratiile \\u0219i problemele, prin lecturasi corespondenta si prin cooperare in toate activitatile de club \\u015fi de proiecte destinate sa sprijine persoanele din alte tari.\",\"meta\":\"\",\"title\":\"IV. Serviciul International,\"}},{\"type\":\"description_list_item\",\"props\":{\"content\":\" a cincea cale de a servi, recunoaste schimbarea pozitiva adusa de tineri prin implicarea lor in activitati de leadership, proiecte comunitare si interna\\u021bionale de serviciu \\u0219i programe de schimb care imbunatatesc si favorizeaza pacea interna\\u0163ionala \\u0219i intelegerea culturala.\",\"meta\":\"\",\"title\":\"V. Serviciul Noii Generatii,\"}}]}]},{\"type\":\"column\",\"props\":{\"image_position\":\"center-center\",\"position_sticky_breakpoint\":\"m\",\"width_medium\":\"1-2\"}}]}]}],\"version\":\"4.5.3\"} --><\/p>\n","protected":false},"excerpt":{"rendered":"<p>Despre noi Asociatia \u201cROTARY CLUB ORADEA ART NOUVEAU\u201d este o organizatie neguvernamentala, independenta fata de toate organele de stat, formatiunile sistemului institutional politic precum si fata de alte institutii \u015fi asociatii socio-profesionale, apolitica, nonprofit, cu personalitate juridica. ROTARY CLUB ORADEA ART NOUVEAU este membru al Rotary International. Principiile fundamentale ale desfasurarii activitatii ROTARY CLUB ORADEA [&hellip;]<\/p>\n","protected":false},"author":5,"featured_media":0,"parent":0,"menu_order":8,"comment_status":"closed","ping_status":"closed","template":"","meta":{"footnotes":""},"class_list":["post-21","page","type-page","status-publish","hentry"],"yoast_head":"<!-- This site is optimized with the Yoast SEO plugin v27.2 - https:\/\/yoast.com\/product\/yoast-seo-wordpress\/ -->\n<title>Despre Noi - Rotary Art Nouveau Oradea<\/title>\n<meta name=\"robots\" content=\"index, follow, max-snippet:-1, max-image-preview:large, max-video-preview:-1\" \/>\n<link rel=\"canonical\" href=\"https:\/\/rotaryartnouveau.ro\/en\/about-us\/\" \/>\n<meta property=\"og:locale\" content=\"en_US\" \/>\n<meta property=\"og:type\" content=\"article\" \/>\n<meta property=\"og:title\" content=\"Despre Noi - Rotary Art Nouveau Oradea\" \/>\n<meta property=\"og:description\" content=\"Despre noi Asociatia \u201cROTARY CLUB ORADEA ART NOUVEAU\u201d este o organizatie neguvernamentala, independenta fata de toate organele de stat, formatiunile sistemului institutional politic precum si fata de alte institutii \u015fi asociatii socio-profesionale, apolitica, nonprofit, cu personalitate juridica. ROTARY CLUB ORADEA ART NOUVEAU este membru al Rotary International. Principiile fundamentale ale desfasurarii activitatii ROTARY CLUB ORADEA [&hellip;]\" \/>\n<meta property=\"og:url\" content=\"https:\/\/rotaryartnouveau.ro\/en\/about-us\/\" \/>\n<meta property=\"og:site_name\" content=\"Rotary Art Nouveau Oradea\" \/>\n<meta property=\"article:modified_time\" content=\"2025-02-05T13:47:38+00:00\" \/>\n<meta name=\"twitter:card\" content=\"summary_large_image\" \/>\n<meta name=\"twitter:label1\" content=\"Est. reading time\" \/>\n\t<meta name=\"twitter:data1\" content=\"2 minutes\" \/>\n<script type=\"application\/ld+json\" class=\"yoast-schema-graph\">{\"@context\":\"https:\/\/schema.org\",\"@graph\":[{\"@type\":\"WebPage\",\"@id\":\"https:\/\/rotaryartnouveau.ro\/despre-noi\/\",\"url\":\"https:\/\/rotaryartnouveau.ro\/despre-noi\/\",\"name\":\"Despre Noi - Rotary Art Nouveau Oradea\",\"isPartOf\":{\"@id\":\"https:\/\/rotaryartnouveau.ro\/#website\"},\"datePublished\":\"2018-05-31T10:40:14+00:00\",\"dateModified\":\"2025-02-05T13:47:38+00:00\",\"breadcrumb\":{\"@id\":\"https:\/\/rotaryartnouveau.ro\/despre-noi\/#breadcrumb\"},\"inLanguage\":\"en-US\",\"potentialAction\":[{\"@type\":\"ReadAction\",\"target\":[\"https:\/\/rotaryartnouveau.ro\/despre-noi\/\"]}]},{\"@type\":\"BreadcrumbList\",\"@id\":\"https:\/\/rotaryartnouveau.ro\/despre-noi\/#breadcrumb\",\"itemListElement\":[{\"@type\":\"ListItem\",\"position\":1,\"name\":\"Home\",\"item\":\"https:\/\/rotaryartnouveau.ro\/\"},{\"@type\":\"ListItem\",\"position\":2,\"name\":\"Despre Noi\"}]},{\"@type\":\"WebSite\",\"@id\":\"https:\/\/rotaryartnouveau.ro\/#website\",\"url\":\"https:\/\/rotaryartnouveau.ro\/\",\"name\":\"Rotary Art Nouveau Oradea\",\"description\":\"Rotary Club Oradea Art Nouveau\",\"publisher\":{\"@id\":\"https:\/\/rotaryartnouveau.ro\/#organization\"},\"potentialAction\":[{\"@type\":\"SearchAction\",\"target\":{\"@type\":\"EntryPoint\",\"urlTemplate\":\"https:\/\/rotaryartnouveau.ro\/?s={search_term_string}\"},\"query-input\":{\"@type\":\"PropertyValueSpecification\",\"valueRequired\":true,\"valueName\":\"search_term_string\"}}],\"inLanguage\":\"en-US\"},{\"@type\":\"Organization\",\"@id\":\"https:\/\/rotaryartnouveau.ro\/#organization\",\"name\":\"Rotary Club Oradea Art Nouveau\",\"url\":\"https:\/\/rotaryartnouveau.ro\/\",\"logo\":{\"@type\":\"ImageObject\",\"inLanguage\":\"en-US\",\"@id\":\"https:\/\/rotaryartnouveau.ro\/#\/schema\/logo\/image\/\",\"url\":\"https:\/\/rotaryartnouveau.ro\/wp-content\/uploads\/roatry-art-nouveau-logo.svg\",\"contentUrl\":\"https:\/\/rotaryartnouveau.ro\/wp-content\/uploads\/roatry-art-nouveau-logo.svg\",\"width\":320,\"height\":122,\"caption\":\"Rotary Club Oradea Art Nouveau\"},\"image\":{\"@id\":\"https:\/\/rotaryartnouveau.ro\/#\/schema\/logo\/image\/\"}}]}<\/script>\n<!-- \/ Yoast SEO plugin. -->","yoast_head_json":{"title":"About Us - Rotary Art Nouveau Oradea","robots":{"index":"index","follow":"follow","max-snippet":"max-snippet:-1","max-image-preview":"max-image-preview:large","max-video-preview":"max-video-preview:-1"},"canonical":"https:\/\/rotaryartnouveau.ro\/en\/about-us\/","og_locale":"en_US","og_type":"article","og_title":"Despre Noi - Rotary Art Nouveau Oradea","og_description":"Despre noi Asociatia \u201cROTARY CLUB ORADEA ART NOUVEAU\u201d este o organizatie neguvernamentala, independenta fata de toate organele de stat, formatiunile sistemului institutional politic precum si fata de alte institutii \u015fi asociatii socio-profesionale, apolitica, nonprofit, cu personalitate juridica. ROTARY CLUB ORADEA ART NOUVEAU este membru al Rotary International. Principiile fundamentale ale desfasurarii activitatii ROTARY CLUB ORADEA [&hellip;]","og_url":"https:\/\/rotaryartnouveau.ro\/en\/about-us\/","og_site_name":"Rotary Art Nouveau Oradea","article_modified_time":"2025-02-05T13:47:38+00:00","twitter_card":"summary_large_image","twitter_misc":{"Est. reading time":"2 minutes"},"schema":{"@context":"https:\/\/schema.org","@graph":[{"@type":"WebPage","@id":"https:\/\/rotaryartnouveau.ro\/despre-noi\/","url":"https:\/\/rotaryartnouveau.ro\/despre-noi\/","name":"About Us - Rotary Art Nouveau Oradea","isPartOf":{"@id":"https:\/\/rotaryartnouveau.ro\/#website"},"datePublished":"2018-05-31T10:40:14+00:00","dateModified":"2025-02-05T13:47:38+00:00","breadcrumb":{"@id":"https:\/\/rotaryartnouveau.ro\/despre-noi\/#breadcrumb"},"inLanguage":"en-US","potentialAction":[{"@type":"ReadAction","target":["https:\/\/rotaryartnouveau.ro\/despre-noi\/"]}]},{"@type":"BreadcrumbList","@id":"https:\/\/rotaryartnouveau.ro\/despre-noi\/#breadcrumb","itemListElement":[{"@type":"ListItem","position":1,"name":"Home","item":"https:\/\/rotaryartnouveau.ro\/"},{"@type":"ListItem","position":2,"name":"Despre Noi"}]},{"@type":"WebSite","@id":"https:\/\/rotaryartnouveau.ro\/#website","url":"https:\/\/rotaryartnouveau.ro\/","name":"Rotary Art Nouveau Oradea","description":"Oradea Art Nouveau Rotary Club","publisher":{"@id":"https:\/\/rotaryartnouveau.ro\/#organization"},"potentialAction":[{"@type":"SearchAction","target":{"@type":"EntryPoint","urlTemplate":"https:\/\/rotaryartnouveau.ro\/?s={search_term_string}"},"query-input":{"@type":"PropertyValueSpecification","valueRequired":true,"valueName":"search_term_string"}}],"inLanguage":"en-US"},{"@type":"Organization","@id":"https:\/\/rotaryartnouveau.ro\/#organization","name":"Oradea Art Nouveau Rotary Club","url":"https:\/\/rotaryartnouveau.ro\/","logo":{"@type":"ImageObject","inLanguage":"en-US","@id":"https:\/\/rotaryartnouveau.ro\/#\/schema\/logo\/image\/","url":"https:\/\/rotaryartnouveau.ro\/wp-content\/uploads\/roatry-art-nouveau-logo.svg","contentUrl":"https:\/\/rotaryartnouveau.ro\/wp-content\/uploads\/roatry-art-nouveau-logo.svg","width":320,"height":122,"caption":"Rotary Club Oradea Art Nouveau"},"image":{"@id":"https:\/\/rotaryartnouveau.ro\/#\/schema\/logo\/image\/"}}]}},"jetpack_sharing_enabled":true,"_links":{"self":[{"href":"https:\/\/rotaryartnouveau.ro\/en\/wp-json\/wp\/v2\/pages\/21","targetHints":{"allow":["GET"]}}],"collection":[{"href":"https:\/\/rotaryartnouveau.ro\/en\/wp-json\/wp\/v2\/pages"}],"about":[{"href":"https:\/\/rotaryartnouveau.ro\/en\/wp-json\/wp\/v2\/types\/page"}],"author":[{"embeddable":true,"href":"https:\/\/rotaryartnouveau.ro\/en\/wp-json\/wp\/v2\/users\/5"}],"replies":[{"embeddable":true,"href":"https:\/\/rotaryartnouveau.ro\/en\/wp-json\/wp\/v2\/comments?post=21"}],"version-history":[{"count":3,"href":"https:\/\/rotaryartnouveau.ro\/en\/wp-json\/wp\/v2\/pages\/21\/revisions"}],"predecessor-version":[{"id":2221,"href":"https:\/\/rotaryartnouveau.ro\/en\/wp-json\/wp\/v2\/pages\/21\/revisions\/2221"}],"wp:attachment":[{"href":"https:\/\/rotaryartnouveau.ro\/en\/wp-json\/wp\/v2\/media?parent=21"}],"curies":[{"name":"wp","href":"https:\/\/api.w.org\/{rel}","templated":true}]}}